{"id":62487,"date":"2026-01-25T14:05:21","date_gmt":"2026-01-25T13:05:21","guid":{"rendered":"https:\/\/universanimalier.com\/?post_type=product&#038;p=62487"},"modified":"2026-04-15T21:43:49","modified_gmt":"2026-04-15T19:43:49","slug":"eh-gia-sac-leopard-et-fausse-fourrure-marron","status":"publish","type":"product","link":"https:\/\/universanimalier.com\/en\/boutique\/eh-gia-sac-leopard-et-fausse-fourrure-marron\/","title":{"rendered":"Eh Gia &#8211; Sac L\u00e9opard et fausse fourrure marron"},"content":{"rendered":"<p>Sac tout confort en fausse fourrure marron et ext\u00e9rieur en imprim\u00e9 l\u00e9opard. Un sac confortable et pratique \u2665<\/p>\n<ul>\n<li>Tout en fausse fourrure<\/li>\n<li>Coussin int\u00e9rieur amovible, moelleux et tout doux en fausse fourrure<\/li>\n<li>Eh gia writing<\/li>\n<li>Anses pour l&rsquo;\u00e9paule<\/li>\n<li>Large adjustable and removable shoulder strap<\/li>\n<li>\u00ab\u00a0pieds dor\u00e9s\u00a0\u00bb sous le sac pour \u00e9viter de l&rsquo;abimer en le posant<\/li>\n<li>1 interior clip for safety<\/li>\n<\/ul>\n<p>Dimensions: <strong>about<\/strong> 40 x 30 x 24 cm.<\/p>","protected":false},"excerpt":{"rendered":"<p>Sac tout confort en fausse fourrure marron et ext\u00e9rieur en imprim\u00e9 l\u00e9opard. Un sac confortable et pratique \u2665<\/p>\n<ul>\n<li>Tout en fausse fourrure<\/li>\n<li>Coussin int\u00e9rieur amovible, moelleux et tout doux en fausse fourrure<\/li>\n<li>Eh gia writing<\/li>\n<li>Anses pour l&rsquo;\u00e9paule<\/li>\n<li>Large adjustable and removable shoulder strap<\/li>\n<li>\u00ab\u00a0pieds dor\u00e9s\u00a0\u00bb sous le sac pour \u00e9viter de l&rsquo;abimer en le posant<\/li>\n<li>1 interior clip for safety<\/li>\n<\/ul>\n<p>Dimensions: <strong>about<\/strong> 40 x 30 x 24 cm.<\/p>","protected":false},"featured_media":62486,"template":"","meta":[],"product_brand":[],"product_cat":[5134,9371,16],"product_tag":[333,350,235,1666,147,2082,3877,2438,3158,8506,3247,3157,4842,1948],"class_list":{"0":"post-62487","1":"product","2":"type-product","3":"status-publish","4":"has-post-thumbnail","6":"product_cat-en-balade","7":"product_cat-printemps-ete-2026","8":"product_cat-sacs-de-transport","9":"product_tag-bag","10":"product_tag-chic","11":"product_tag-eh-gia","12":"product_tag-petit-chien","13":"product_tag-sac","14":"product_tag-sac-beige","15":"product_tag-sac-beige-pour-chien","16":"product_tag-sac-eh-gia","17":"product_tag-sac-marron-pour-chien","18":"product_tag-sac-multi-saisons","19":"product_tag-sac-multifonctions","20":"product_tag-sac-noir-pour-chien","21":"product_tag-sac-traveller","22":"product_tag-siege-auto-pour-chien","24":"first","25":"instock","26":"shipping-taxable","27":"purchasable","28":"product-type-simple"},"yoast_head":"<!-- This site is optimized with the Yoast SEO plugin v25.5 - https:\/\/yoast.com\/wordpress\/plugins\/seo\/ -->\n<title>Eh Gia - Sac L\u00e9opard et fausse fourrure marron - L&#039;univers Animalier<\/title>\n<meta name=\"description\" content=\"Eh Gia - Sac L\u00e9opard et fausse fourrure marron\" \/>\n<meta name=\"robots\" content=\"index, follow, max-snippet:-1, max-image-preview:large, max-video-preview:-1\" \/>\n<link rel=\"canonical\" href=\"https:\/\/universanimalier.com\/en\/boutique\/eh-gia-sac-leopard-et-fausse-fourrure-marron\/\" \/>\n<meta property=\"og:locale\" content=\"en_US\" \/>\n<meta property=\"og:type\" content=\"article\" \/>\n<meta property=\"og:title\" content=\"Eh Gia - Sac L\u00e9opard et fausse fourrure marron - L&#039;univers Animalier\" \/>\n<meta property=\"og:description\" content=\"Eh Gia - Sac L\u00e9opard et fausse fourrure marron\" \/>\n<meta property=\"og:url\" content=\"https:\/\/universanimalier.com\/en\/boutique\/eh-gia-sac-leopard-et-fausse-fourrure-marron\/\" \/>\n<meta property=\"og:site_name\" content=\"L&#039;univers Animalier\" \/>\n<meta property=\"article:publisher\" content=\"https:\/\/www.facebook.com\/lunivers.animalier\" \/>\n<meta property=\"article:modified_time\" content=\"2026-04-15T19:43:49+00:00\" \/>\n<meta property=\"og:image\" content=\"https:\/\/universanimalier.com\/wp-content\/uploads\/2026\/01\/att.iDM5uHT3bzMqJaXOfXPAwKHNjnASygqNlihY02c6Vh4.jpeg\" \/>\n\t<meta property=\"og:image:width\" content=\"946\" \/>\n\t<meta property=\"og:image:height\" content=\"1245\" \/>\n\t<meta property=\"og:image:type\" content=\"image\/jpeg\" \/>\n<meta name=\"twitter:card\" content=\"summary_large_image\" \/>\n<meta name=\"twitter:label1\" content=\"Est. reading time\" \/>\n\t<meta name=\"twitter:data1\" content=\"1 minute\" \/>\n<script type=\"application\/ld+json\" class=\"yoast-schema-graph\">{\"@context\":\"https:\/\/schema.org\",\"@graph\":[{\"@type\":\"WebPage\",\"@id\":\"https:\/\/universanimalier.com\/boutique\/eh-gia-sac-leopard-et-fausse-fourrure-marron\/\",\"url\":\"https:\/\/universanimalier.com\/boutique\/eh-gia-sac-leopard-et-fausse-fourrure-marron\/\",\"name\":\"Eh Gia - Sac L\u00e9opard et fausse fourrure marron - L&#039;univers Animalier\",\"isPartOf\":{\"@id\":\"https:\/\/wip.universanimalier.com\/#website\"},\"primaryImageOfPage\":{\"@id\":\"https:\/\/universanimalier.com\/boutique\/eh-gia-sac-leopard-et-fausse-fourrure-marron\/#primaryimage\"},\"image\":{\"@id\":\"https:\/\/universanimalier.com\/boutique\/eh-gia-sac-leopard-et-fausse-fourrure-marron\/#primaryimage\"},\"thumbnailUrl\":\"https:\/\/universanimalier.com\/wp-content\/uploads\/2026\/01\/att.iDM5uHT3bzMqJaXOfXPAwKHNjnASygqNlihY02c6Vh4.jpeg\",\"datePublished\":\"2026-01-25T13:05:21+00:00\",\"dateModified\":\"2026-04-15T19:43:49+00:00\",\"description\":\"Eh Gia - Sac L\u00e9opard et fausse fourrure marron\",\"breadcrumb\":{\"@id\":\"https:\/\/universanimalier.com\/boutique\/eh-gia-sac-leopard-et-fausse-fourrure-marron\/#breadcrumb\"},\"inLanguage\":\"en-US\",\"potentialAction\":[{\"@type\":\"ReadAction\",\"target\":[\"https:\/\/universanimalier.com\/boutique\/eh-gia-sac-leopard-et-fausse-fourrure-marron\/\"]}]},{\"@type\":\"ImageObject\",\"inLanguage\":\"en-US\",\"@id\":\"https:\/\/universanimalier.com\/boutique\/eh-gia-sac-leopard-et-fausse-fourrure-marron\/#primaryimage\",\"url\":\"https:\/\/universanimalier.com\/wp-content\/uploads\/2026\/01\/att.iDM5uHT3bzMqJaXOfXPAwKHNjnASygqNlihY02c6Vh4.jpeg\",\"contentUrl\":\"https:\/\/universanimalier.com\/wp-content\/uploads\/2026\/01\/att.iDM5uHT3bzMqJaXOfXPAwKHNjnASygqNlihY02c6Vh4.jpeg\",\"width\":946,\"height\":1245},{\"@type\":\"BreadcrumbList\",\"@id\":\"https:\/\/universanimalier.com\/boutique\/eh-gia-sac-leopard-et-fausse-fourrure-marron\/#breadcrumb\",\"itemListElement\":[{\"@type\":\"ListItem\",\"position\":1,\"name\":\"Accueil\",\"item\":\"https:\/\/wip.universanimalier.com\/\"},{\"@type\":\"ListItem\",\"position\":2,\"name\":\"Boutique\",\"item\":\"https:\/\/wip.universanimalier.com\/boutique\/\"},{\"@type\":\"ListItem\",\"position\":3,\"name\":\"Eh Gia &#8211; Sac L\u00e9opard et fausse fourrure marron\"}]},{\"@type\":\"WebSite\",\"@id\":\"https:\/\/wip.universanimalier.com\/#website\",\"url\":\"https:\/\/wip.universanimalier.com\/\",\"name\":\"L'univers Animalier\",\"description\":\"Le paradis des chiens g\u00e2t\u00e9s !\",\"publisher\":{\"@id\":\"https:\/\/wip.universanimalier.com\/#organization\"},\"potentialAction\":[{\"@type\":\"SearchAction\",\"target\":{\"@type\":\"EntryPoint\",\"urlTemplate\":\"https:\/\/wip.universanimalier.com\/?s={search_term_string}\"},\"query-input\":{\"@type\":\"PropertyValueSpecification\",\"valueRequired\":true,\"valueName\":\"search_term_string\"}}],\"inLanguage\":\"en-US\"},{\"@type\":\"Organization\",\"@id\":\"https:\/\/wip.universanimalier.com\/#organization\",\"name\":\"L'univers Animalier\",\"url\":\"https:\/\/wip.universanimalier.com\/\",\"logo\":{\"@type\":\"ImageObject\",\"inLanguage\":\"en-US\",\"@id\":\"https:\/\/wip.universanimalier.com\/#\/schema\/logo\/image\/\",\"url\":\"https:\/\/universanimalier.com\/wp-content\/uploads\/2021\/06\/logo.jpg\",\"contentUrl\":\"https:\/\/universanimalier.com\/wp-content\/uploads\/2021\/06\/logo.jpg\",\"width\":800,\"height\":200,\"caption\":\"L'univers Animalier\"},\"image\":{\"@id\":\"https:\/\/wip.universanimalier.com\/#\/schema\/logo\/image\/\"},\"sameAs\":[\"https:\/\/www.facebook.com\/lunivers.animalier\"]}]}<\/script>\n<!-- \/ Yoast SEO plugin. -->","yoast_head_json":{"title":"Eh Gia - Sac L\u00e9opard et fausse fourrure marron - L&#039;univers Animalier","description":"Eh Gia - Sac L\u00e9opard et fausse fourrure marron","robots":{"index":"index","follow":"follow","max-snippet":"max-snippet:-1","max-image-preview":"max-image-preview:large","max-video-preview":"max-video-preview:-1"},"canonical":"https:\/\/universanimalier.com\/en\/boutique\/eh-gia-sac-leopard-et-fausse-fourrure-marron\/","og_locale":"en_US","og_type":"article","og_title":"Eh Gia - Sac L\u00e9opard et fausse fourrure marron - L&#039;univers Animalier","og_description":"Eh Gia - Sac L\u00e9opard et fausse fourrure marron","og_url":"https:\/\/universanimalier.com\/en\/boutique\/eh-gia-sac-leopard-et-fausse-fourrure-marron\/","og_site_name":"L&#039;univers Animalier","article_publisher":"https:\/\/www.facebook.com\/lunivers.animalier","article_modified_time":"2026-04-15T19:43:49+00:00","og_image":[{"width":946,"height":1245,"url":"https:\/\/universanimalier.com\/wp-content\/uploads\/2026\/01\/att.iDM5uHT3bzMqJaXOfXPAwKHNjnASygqNlihY02c6Vh4.jpeg","type":"image\/jpeg"}],"twitter_card":"summary_large_image","twitter_misc":{"Est. reading time":"1 minute"},"schema":{"@context":"https:\/\/schema.org","@graph":[{"@type":"WebPage","@id":"https:\/\/universanimalier.com\/boutique\/eh-gia-sac-leopard-et-fausse-fourrure-marron\/","url":"https:\/\/universanimalier.com\/boutique\/eh-gia-sac-leopard-et-fausse-fourrure-marron\/","name":"Eh Gia - Sac L\u00e9opard et fausse fourrure marron - L&#039;univers Animalier","isPartOf":{"@id":"https:\/\/wip.universanimalier.com\/#website"},"primaryImageOfPage":{"@id":"https:\/\/universanimalier.com\/boutique\/eh-gia-sac-leopard-et-fausse-fourrure-marron\/#primaryimage"},"image":{"@id":"https:\/\/universanimalier.com\/boutique\/eh-gia-sac-leopard-et-fausse-fourrure-marron\/#primaryimage"},"thumbnailUrl":"https:\/\/universanimalier.com\/wp-content\/uploads\/2026\/01\/att.iDM5uHT3bzMqJaXOfXPAwKHNjnASygqNlihY02c6Vh4.jpeg","datePublished":"2026-01-25T13:05:21+00:00","dateModified":"2026-04-15T19:43:49+00:00","description":"Eh Gia - Sac L\u00e9opard et fausse fourrure marron","breadcrumb":{"@id":"https:\/\/universanimalier.com\/boutique\/eh-gia-sac-leopard-et-fausse-fourrure-marron\/#breadcrumb"},"inLanguage":"en-US","potentialAction":[{"@type":"ReadAction","target":["https:\/\/universanimalier.com\/boutique\/eh-gia-sac-leopard-et-fausse-fourrure-marron\/"]}]},{"@type":"ImageObject","inLanguage":"en-US","@id":"https:\/\/universanimalier.com\/boutique\/eh-gia-sac-leopard-et-fausse-fourrure-marron\/#primaryimage","url":"https:\/\/universanimalier.com\/wp-content\/uploads\/2026\/01\/att.iDM5uHT3bzMqJaXOfXPAwKHNjnASygqNlihY02c6Vh4.jpeg","contentUrl":"https:\/\/universanimalier.com\/wp-content\/uploads\/2026\/01\/att.iDM5uHT3bzMqJaXOfXPAwKHNjnASygqNlihY02c6Vh4.jpeg","width":946,"height":1245},{"@type":"BreadcrumbList","@id":"https:\/\/universanimalier.com\/boutique\/eh-gia-sac-leopard-et-fausse-fourrure-marron\/#breadcrumb","itemListElement":[{"@type":"ListItem","position":1,"name":"Accueil","item":"https:\/\/wip.universanimalier.com\/"},{"@type":"ListItem","position":2,"name":"Boutique","item":"https:\/\/wip.universanimalier.com\/boutique\/"},{"@type":"ListItem","position":3,"name":"Eh Gia &#8211; Sac L\u00e9opard et fausse fourrure marron"}]},{"@type":"WebSite","@id":"https:\/\/wip.universanimalier.com\/#website","url":"https:\/\/wip.universanimalier.com\/","name":"L'univers Animalier","description":"A paradise for spoiled dogs!","publisher":{"@id":"https:\/\/wip.universanimalier.com\/#organization"},"potentialAction":[{"@type":"SearchAction","target":{"@type":"EntryPoint","urlTemplate":"https:\/\/wip.universanimalier.com\/?s={search_term_string}"},"query-input":{"@type":"PropertyValueSpecification","valueRequired":true,"valueName":"search_term_string"}}],"inLanguage":"en-US"},{"@type":"Organization","@id":"https:\/\/wip.universanimalier.com\/#organization","name":"L'univers Animalier","url":"https:\/\/wip.universanimalier.com\/","logo":{"@type":"ImageObject","inLanguage":"en-US","@id":"https:\/\/wip.universanimalier.com\/#\/schema\/logo\/image\/","url":"https:\/\/universanimalier.com\/wp-content\/uploads\/2021\/06\/logo.jpg","contentUrl":"https:\/\/universanimalier.com\/wp-content\/uploads\/2021\/06\/logo.jpg","width":800,"height":200,"caption":"L'univers Animalier"},"image":{"@id":"https:\/\/wip.universanimalier.com\/#\/schema\/logo\/image\/"},"sameAs":["https:\/\/www.facebook.com\/lunivers.animalier"]}]}},"_links":{"self":[{"href":"https:\/\/universanimalier.com\/en\/wp-json\/wp\/v2\/product\/62487"}],"collection":[{"href":"https:\/\/universanimalier.com\/en\/wp-json\/wp\/v2\/product"}],"about":[{"href":"https:\/\/universanimalier.com\/en\/wp-json\/wp\/v2\/types\/product"}],"wp:featuredmedia":[{"embeddable":true,"href":"https:\/\/universanimalier.com\/en\/wp-json\/wp\/v2\/media\/62486"}],"wp:attachment":[{"href":"https:\/\/universanimalier.com\/en\/wp-json\/wp\/v2\/media?parent=62487"}],"wp:term":[{"taxonomy":"product_brand","embeddable":true,"href":"https:\/\/universanimalier.com\/en\/wp-json\/wp\/v2\/product_brand?post=62487"},{"taxonomy":"product_cat","embeddable":true,"href":"https:\/\/universanimalier.com\/en\/wp-json\/wp\/v2\/product_cat?post=62487"},{"taxonomy":"product_tag","embeddable":true,"href":"https:\/\/universanimalier.com\/en\/wp-json\/wp\/v2\/product_tag?post=62487"}],"curies":[{"name":"wp","href":"https:\/\/api.w.org\/{rel}","templated":true}]}}