{"id":62507,"date":"2026-01-29T21:58:16","date_gmt":"2026-01-29T20:58:16","guid":{"rendered":"https:\/\/universanimalier.com\/?post_type=product&#038;p=62507"},"modified":"2026-04-15T21:43:48","modified_gmt":"2026-04-15T19:43:48","slug":"en-tete-a-truffe-sachet-de-biscuitspour-chien-pomme-et-miel","status":"publish","type":"product","link":"https:\/\/universanimalier.com\/en\/boutique\/en-tete-a-truffe-sachet-de-biscuitspour-chien-pomme-et-miel\/","title":{"rendered":"En t\u00eate \u00e0 truffe &#8211; Sachet de biscuits pour chien Pomme et Miel"},"content":{"rendered":"<p>Sachet de 6 biscuits artisanaux pour chien \u2013 d\u00e9clinaison \u201cAbeille &amp; Miel\u201d \ud83d\udc1d<\/p>\n<p>Recette douce et parfum\u00e9e \u00e0 base de pomme, farine d\u2019avoine, farine de ma\u00efs, miel de lavande et psyllium blond. Une petite attention croquante et naturelle !<\/p>\n<ul>\n<li>Poids : 75 G environ<\/li>\n<li>6 biscuits<\/li>\n<li>Biscuits artisanaux fabriqu\u00e9s \u00e0 la main en France<\/li>\n<li>Aussi beaux que bons, ils sont con\u00e7us \u00e0 partir d&rsquo;ingr\u00e9dients sains, sans conservateur et sans sucre<\/li>\n<\/ul>","protected":false},"excerpt":{"rendered":"<p>Sachet de 6 biscuits artisanaux pour chien \u2013 d\u00e9clinaison \u201cAbeille &amp; Miel\u201d \ud83d\udc1d<\/p>\n<p>Recette douce et parfum\u00e9e \u00e0 base de pomme, farine d\u2019avoine, farine de ma\u00efs, miel de lavande et psyllium blond. Une petite attention croquante et naturelle !<\/p>\n<ul>\n<li>Poids : 75 G environ<\/li>\n<li>6 biscuits<\/li>\n<li>Biscuits artisanaux fabriqu\u00e9s \u00e0 la main en France<\/li>\n<li>Aussi beaux que bons, ils sont con\u00e7us \u00e0 partir d&rsquo;ingr\u00e9dients sains, sans conservateur et sans sucre<\/li>\n<\/ul>","protected":false},"featured_media":62515,"template":"","meta":[],"product_brand":[],"product_cat":[9371,593,267],"product_tag":[6689,9282,8891,3433,9287,9263,9264],"class_list":{"0":"post-62507","1":"product","2":"type-product","3":"status-publish","4":"has-post-thumbnail","6":"product_cat-printemps-ete-2026","7":"product_cat-a-table","8":"product_cat-friandises","9":"product_tag-biscuits-pour-chien","10":"product_tag-en-tete-a-truffe","11":"product_tag-friandises-naturelles-pour-chien","12":"product_tag-friandises-pour-chien","13":"product_tag-natrural-treats-for-dogs","14":"product_tag-sac-cadeau-pour-animaux","15":"product_tag-sac-cadeau-pour-chien","17":"first","18":"instock","19":"shipping-taxable","20":"purchasable","21":"product-type-simple"},"yoast_head":"<!-- This site is optimized with the Yoast SEO plugin v25.5 - https:\/\/yoast.com\/wordpress\/plugins\/seo\/ -->\n<title>En t\u00eate \u00e0 truffe - Sachet de biscuits pour chien Pomme et Miel - L&#039;univers Animalier<\/title>\n<meta name=\"description\" content=\"En t\u00eate \u00e0 truffe - Sachet de biscuitspour chien Pomme et Miel\" \/>\n<meta name=\"robots\" content=\"index, follow, max-snippet:-1, max-image-preview:large, max-video-preview:-1\" \/>\n<link rel=\"canonical\" href=\"https:\/\/universanimalier.com\/en\/boutique\/en-tete-a-truffe-sachet-de-biscuitspour-chien-pomme-et-miel\/\" \/>\n<meta property=\"og:locale\" content=\"en_US\" \/>\n<meta property=\"og:type\" content=\"article\" \/>\n<meta property=\"og:title\" content=\"En t\u00eate \u00e0 truffe - Sachet de biscuits pour chien Pomme et Miel - L&#039;univers Animalier\" \/>\n<meta property=\"og:description\" content=\"En t\u00eate \u00e0 truffe - Sachet de biscuitspour chien Pomme et Miel\" \/>\n<meta property=\"og:url\" content=\"https:\/\/universanimalier.com\/en\/boutique\/en-tete-a-truffe-sachet-de-biscuitspour-chien-pomme-et-miel\/\" \/>\n<meta property=\"og:site_name\" content=\"L&#039;univers Animalier\" \/>\n<meta property=\"article:publisher\" content=\"https:\/\/www.facebook.com\/lunivers.animalier\" \/>\n<meta property=\"article:modified_time\" content=\"2026-04-15T19:43:48+00:00\" \/>\n<meta property=\"og:image\" content=\"https:\/\/universanimalier.com\/wp-content\/uploads\/2026\/01\/IMG_0875.jpeg\" \/>\n\t<meta property=\"og:image:width\" content=\"2160\" \/>\n\t<meta property=\"og:image:height\" content=\"2160\" \/>\n\t<meta property=\"og:image:type\" content=\"image\/jpeg\" \/>\n<meta name=\"twitter:card\" content=\"summary_large_image\" \/>\n<meta name=\"twitter:label1\" content=\"Est. reading time\" \/>\n\t<meta name=\"twitter:data1\" content=\"1 minute\" \/>\n<script type=\"application\/ld+json\" class=\"yoast-schema-graph\">{\"@context\":\"https:\/\/schema.org\",\"@graph\":[{\"@type\":\"WebPage\",\"@id\":\"https:\/\/universanimalier.com\/boutique\/en-tete-a-truffe-sachet-de-biscuitspour-chien-pomme-et-miel\/\",\"url\":\"https:\/\/universanimalier.com\/boutique\/en-tete-a-truffe-sachet-de-biscuitspour-chien-pomme-et-miel\/\",\"name\":\"En t\u00eate \u00e0 truffe - Sachet de biscuits pour chien Pomme et Miel - L&#039;univers Animalier\",\"isPartOf\":{\"@id\":\"https:\/\/wip.universanimalier.com\/#website\"},\"primaryImageOfPage\":{\"@id\":\"https:\/\/universanimalier.com\/boutique\/en-tete-a-truffe-sachet-de-biscuitspour-chien-pomme-et-miel\/#primaryimage\"},\"image\":{\"@id\":\"https:\/\/universanimalier.com\/boutique\/en-tete-a-truffe-sachet-de-biscuitspour-chien-pomme-et-miel\/#primaryimage\"},\"thumbnailUrl\":\"https:\/\/universanimalier.com\/wp-content\/uploads\/2026\/01\/IMG_0875.jpeg\",\"datePublished\":\"2026-01-29T20:58:16+00:00\",\"dateModified\":\"2026-04-15T19:43:48+00:00\",\"description\":\"En t\u00eate \u00e0 truffe - Sachet de biscuitspour chien Pomme et Miel\",\"breadcrumb\":{\"@id\":\"https:\/\/universanimalier.com\/boutique\/en-tete-a-truffe-sachet-de-biscuitspour-chien-pomme-et-miel\/#breadcrumb\"},\"inLanguage\":\"en-US\",\"potentialAction\":[{\"@type\":\"ReadAction\",\"target\":[\"https:\/\/universanimalier.com\/boutique\/en-tete-a-truffe-sachet-de-biscuitspour-chien-pomme-et-miel\/\"]}]},{\"@type\":\"ImageObject\",\"inLanguage\":\"en-US\",\"@id\":\"https:\/\/universanimalier.com\/boutique\/en-tete-a-truffe-sachet-de-biscuitspour-chien-pomme-et-miel\/#primaryimage\",\"url\":\"https:\/\/universanimalier.com\/wp-content\/uploads\/2026\/01\/IMG_0875.jpeg\",\"contentUrl\":\"https:\/\/universanimalier.com\/wp-content\/uploads\/2026\/01\/IMG_0875.jpeg\",\"width\":2160,\"height\":2160},{\"@type\":\"BreadcrumbList\",\"@id\":\"https:\/\/universanimalier.com\/boutique\/en-tete-a-truffe-sachet-de-biscuitspour-chien-pomme-et-miel\/#breadcrumb\",\"itemListElement\":[{\"@type\":\"ListItem\",\"position\":1,\"name\":\"Accueil\",\"item\":\"https:\/\/wip.universanimalier.com\/\"},{\"@type\":\"ListItem\",\"position\":2,\"name\":\"Boutique\",\"item\":\"https:\/\/wip.universanimalier.com\/boutique\/\"},{\"@type\":\"ListItem\",\"position\":3,\"name\":\"En t\u00eate \u00e0 truffe &#8211; Sachet de biscuits pour chien Pomme et Miel\"}]},{\"@type\":\"WebSite\",\"@id\":\"https:\/\/wip.universanimalier.com\/#website\",\"url\":\"https:\/\/wip.universanimalier.com\/\",\"name\":\"L'univers Animalier\",\"description\":\"Le paradis des chiens g\u00e2t\u00e9s !\",\"publisher\":{\"@id\":\"https:\/\/wip.universanimalier.com\/#organization\"},\"potentialAction\":[{\"@type\":\"SearchAction\",\"target\":{\"@type\":\"EntryPoint\",\"urlTemplate\":\"https:\/\/wip.universanimalier.com\/?s={search_term_string}\"},\"query-input\":{\"@type\":\"PropertyValueSpecification\",\"valueRequired\":true,\"valueName\":\"search_term_string\"}}],\"inLanguage\":\"en-US\"},{\"@type\":\"Organization\",\"@id\":\"https:\/\/wip.universanimalier.com\/#organization\",\"name\":\"L'univers Animalier\",\"url\":\"https:\/\/wip.universanimalier.com\/\",\"logo\":{\"@type\":\"ImageObject\",\"inLanguage\":\"en-US\",\"@id\":\"https:\/\/wip.universanimalier.com\/#\/schema\/logo\/image\/\",\"url\":\"https:\/\/universanimalier.com\/wp-content\/uploads\/2021\/06\/logo.jpg\",\"contentUrl\":\"https:\/\/universanimalier.com\/wp-content\/uploads\/2021\/06\/logo.jpg\",\"width\":800,\"height\":200,\"caption\":\"L'univers Animalier\"},\"image\":{\"@id\":\"https:\/\/wip.universanimalier.com\/#\/schema\/logo\/image\/\"},\"sameAs\":[\"https:\/\/www.facebook.com\/lunivers.animalier\"]}]}<\/script>\n<!-- \/ Yoast SEO plugin. -->","yoast_head_json":{"title":"En t\u00eate \u00e0 truffe - Sachet de biscuits pour chien Pomme et Miel - L&#039;univers Animalier","description":"En t\u00eate \u00e0 truffe - Sachet de biscuitspour chien Pomme et Miel","robots":{"index":"index","follow":"follow","max-snippet":"max-snippet:-1","max-image-preview":"max-image-preview:large","max-video-preview":"max-video-preview:-1"},"canonical":"https:\/\/universanimalier.com\/en\/boutique\/en-tete-a-truffe-sachet-de-biscuitspour-chien-pomme-et-miel\/","og_locale":"en_US","og_type":"article","og_title":"En t\u00eate \u00e0 truffe - Sachet de biscuits pour chien Pomme et Miel - L&#039;univers Animalier","og_description":"En t\u00eate \u00e0 truffe - Sachet de biscuitspour chien Pomme et Miel","og_url":"https:\/\/universanimalier.com\/en\/boutique\/en-tete-a-truffe-sachet-de-biscuitspour-chien-pomme-et-miel\/","og_site_name":"L&#039;univers Animalier","article_publisher":"https:\/\/www.facebook.com\/lunivers.animalier","article_modified_time":"2026-04-15T19:43:48+00:00","og_image":[{"width":2160,"height":2160,"url":"https:\/\/universanimalier.com\/wp-content\/uploads\/2026\/01\/IMG_0875.jpeg","type":"image\/jpeg"}],"twitter_card":"summary_large_image","twitter_misc":{"Est. reading time":"1 minute"},"schema":{"@context":"https:\/\/schema.org","@graph":[{"@type":"WebPage","@id":"https:\/\/universanimalier.com\/boutique\/en-tete-a-truffe-sachet-de-biscuitspour-chien-pomme-et-miel\/","url":"https:\/\/universanimalier.com\/boutique\/en-tete-a-truffe-sachet-de-biscuitspour-chien-pomme-et-miel\/","name":"En t\u00eate \u00e0 truffe - Sachet de biscuits pour chien Pomme et Miel - L&#039;univers Animalier","isPartOf":{"@id":"https:\/\/wip.universanimalier.com\/#website"},"primaryImageOfPage":{"@id":"https:\/\/universanimalier.com\/boutique\/en-tete-a-truffe-sachet-de-biscuitspour-chien-pomme-et-miel\/#primaryimage"},"image":{"@id":"https:\/\/universanimalier.com\/boutique\/en-tete-a-truffe-sachet-de-biscuitspour-chien-pomme-et-miel\/#primaryimage"},"thumbnailUrl":"https:\/\/universanimalier.com\/wp-content\/uploads\/2026\/01\/IMG_0875.jpeg","datePublished":"2026-01-29T20:58:16+00:00","dateModified":"2026-04-15T19:43:48+00:00","description":"En t\u00eate \u00e0 truffe - Sachet de biscuitspour chien Pomme et Miel","breadcrumb":{"@id":"https:\/\/universanimalier.com\/boutique\/en-tete-a-truffe-sachet-de-biscuitspour-chien-pomme-et-miel\/#breadcrumb"},"inLanguage":"en-US","potentialAction":[{"@type":"ReadAction","target":["https:\/\/universanimalier.com\/boutique\/en-tete-a-truffe-sachet-de-biscuitspour-chien-pomme-et-miel\/"]}]},{"@type":"ImageObject","inLanguage":"en-US","@id":"https:\/\/universanimalier.com\/boutique\/en-tete-a-truffe-sachet-de-biscuitspour-chien-pomme-et-miel\/#primaryimage","url":"https:\/\/universanimalier.com\/wp-content\/uploads\/2026\/01\/IMG_0875.jpeg","contentUrl":"https:\/\/universanimalier.com\/wp-content\/uploads\/2026\/01\/IMG_0875.jpeg","width":2160,"height":2160},{"@type":"BreadcrumbList","@id":"https:\/\/universanimalier.com\/boutique\/en-tete-a-truffe-sachet-de-biscuitspour-chien-pomme-et-miel\/#breadcrumb","itemListElement":[{"@type":"ListItem","position":1,"name":"Accueil","item":"https:\/\/wip.universanimalier.com\/"},{"@type":"ListItem","position":2,"name":"Boutique","item":"https:\/\/wip.universanimalier.com\/boutique\/"},{"@type":"ListItem","position":3,"name":"En t\u00eate \u00e0 truffe &#8211; Sachet de biscuits pour chien Pomme et Miel"}]},{"@type":"WebSite","@id":"https:\/\/wip.universanimalier.com\/#website","url":"https:\/\/wip.universanimalier.com\/","name":"L'univers Animalier","description":"A paradise for spoiled dogs!","publisher":{"@id":"https:\/\/wip.universanimalier.com\/#organization"},"potentialAction":[{"@type":"SearchAction","target":{"@type":"EntryPoint","urlTemplate":"https:\/\/wip.universanimalier.com\/?s={search_term_string}"},"query-input":{"@type":"PropertyValueSpecification","valueRequired":true,"valueName":"search_term_string"}}],"inLanguage":"en-US"},{"@type":"Organization","@id":"https:\/\/wip.universanimalier.com\/#organization","name":"L'univers Animalier","url":"https:\/\/wip.universanimalier.com\/","logo":{"@type":"ImageObject","inLanguage":"en-US","@id":"https:\/\/wip.universanimalier.com\/#\/schema\/logo\/image\/","url":"https:\/\/universanimalier.com\/wp-content\/uploads\/2021\/06\/logo.jpg","contentUrl":"https:\/\/universanimalier.com\/wp-content\/uploads\/2021\/06\/logo.jpg","width":800,"height":200,"caption":"L'univers Animalier"},"image":{"@id":"https:\/\/wip.universanimalier.com\/#\/schema\/logo\/image\/"},"sameAs":["https:\/\/www.facebook.com\/lunivers.animalier"]}]}},"_links":{"self":[{"href":"https:\/\/universanimalier.com\/en\/wp-json\/wp\/v2\/product\/62507"}],"collection":[{"href":"https:\/\/universanimalier.com\/en\/wp-json\/wp\/v2\/product"}],"about":[{"href":"https:\/\/universanimalier.com\/en\/wp-json\/wp\/v2\/types\/product"}],"wp:featuredmedia":[{"embeddable":true,"href":"https:\/\/universanimalier.com\/en\/wp-json\/wp\/v2\/media\/62515"}],"wp:attachment":[{"href":"https:\/\/universanimalier.com\/en\/wp-json\/wp\/v2\/media?parent=62507"}],"wp:term":[{"taxonomy":"product_brand","embeddable":true,"href":"https:\/\/universanimalier.com\/en\/wp-json\/wp\/v2\/product_brand?post=62507"},{"taxonomy":"product_cat","embeddable":true,"href":"https:\/\/universanimalier.com\/en\/wp-json\/wp\/v2\/product_cat?post=62507"},{"taxonomy":"product_tag","embeddable":true,"href":"https:\/\/universanimalier.com\/en\/wp-json\/wp\/v2\/product_tag?post=62507"}],"curies":[{"name":"wp","href":"https:\/\/api.w.org\/{rel}","templated":true}]}}