{"id":62636,"date":"2026-03-01T22:10:49","date_gmt":"2026-03-01T21:10:49","guid":{"rendered":"https:\/\/universanimalier.com\/?post_type=product&#038;p=62636"},"modified":"2026-03-01T22:11:35","modified_gmt":"2026-03-01T21:11:35","slug":"eh-gia-sac-glamorous-beige-taupe-multi-saisons","status":"publish","type":"product","link":"https:\/\/universanimalier.com\/en\/boutique\/eh-gia-sac-glamorous-beige-taupe-multi-saisons\/","title":{"rendered":"Eh Gia &#8211; Sac Glamorous beige\/taupe multi saisons"},"content":{"rendered":"<p>Sac \u00ab\u00a0Glamorous\u00a0\u00bb multi saisons en simili cuir, tr\u00e8s confortable, pratique pour toutes les saisons gr\u00e2ce son int\u00e9rieur en fausse fourrure et coton amovible et r\u00e9versible.<\/p>\n<ul>\n<li>Removable interior faux fur (practical and easy pressure system)<\/li>\n<li>Coussin int\u00e9rieur moelleux, r\u00e9versible et amovible (un c\u00f4t\u00e9 fourrure et un c\u00f4t\u00e9 coton) (syst\u00e8me de pressions pratique et facile)<\/li>\n<li>Eh gia writing<\/li>\n<li>Anses pour l&rsquo;\u00e9paule<\/li>\n<li>Adjustable and removable shoulder strap<\/li>\n<li>Refermable sur le dessus<\/li>\n<li>Poche ext\u00e9rieure de rangement refermable avec zip<\/li>\n<li>2 interior fasteners for security<\/li>\n<\/ul>\n<p>Dimensions: <strong>about<\/strong> 42 x 25 x 35 (hauteur totale) cm.<\/p>","protected":false},"excerpt":{"rendered":"<p>Sac \u00ab\u00a0Glamorous\u00a0\u00bb multi saisons en simili cuir, tr\u00e8s confortable, pratique pour toutes les saisons gr\u00e2ce son int\u00e9rieur en fausse fourrure et coton amovible et r\u00e9versible.<\/p>\n<ul>\n<li>Removable interior faux fur (practical and easy pressure system)<\/li>\n<li>Coussin int\u00e9rieur moelleux, r\u00e9versible et amovible (un c\u00f4t\u00e9 fourrure et un c\u00f4t\u00e9 coton) (syst\u00e8me de pressions pratique et facile)<\/li>\n<li>Eh gia writing<\/li>\n<li>Anses pour l&rsquo;\u00e9paule<\/li>\n<li>Adjustable and removable shoulder strap<\/li>\n<li>Refermable sur le dessus<\/li>\n<li>Poche ext\u00e9rieure de rangement refermable avec zip<\/li>\n<li>2 interior fasteners for security<\/li>\n<\/ul>\n<p>Dimensions: <strong>about<\/strong> 42 x 25 x 35 (hauteur totale) cm.<\/p>","protected":false},"featured_media":62626,"template":"","meta":[],"product_brand":[],"product_cat":[5134,16],"product_tag":[333,350,235,1666,147,2438,8506,3247,3157,4842,1948],"class_list":{"0":"post-62636","1":"product","2":"type-product","3":"status-publish","4":"has-post-thumbnail","6":"product_cat-en-balade","7":"product_cat-sacs-de-transport","8":"product_tag-bag","9":"product_tag-chic","10":"product_tag-eh-gia","11":"product_tag-petit-chien","12":"product_tag-sac","13":"product_tag-sac-eh-gia","14":"product_tag-sac-multi-saisons","15":"product_tag-sac-multifonctions","16":"product_tag-sac-noir-pour-chien","17":"product_tag-sac-traveller","18":"product_tag-siege-auto-pour-chien","20":"first","21":"instock","22":"shipping-taxable","23":"purchasable","24":"product-type-simple"},"yoast_head":"<!-- This site is optimized with the Yoast SEO plugin v25.5 - https:\/\/yoast.com\/wordpress\/plugins\/seo\/ -->\n<title>Eh Gia - Sac Glamorous beige\/taupe multi saisons - L&#039;univers Animalier<\/title>\n<meta name=\"description\" content=\"Eh Gia - Sac glamorous multi saisons pour chien\" \/>\n<meta name=\"robots\" content=\"index, follow, max-snippet:-1, max-image-preview:large, max-video-preview:-1\" \/>\n<link rel=\"canonical\" href=\"https:\/\/universanimalier.com\/en\/boutique\/eh-gia-sac-glamorous-beige-taupe-multi-saisons\/\" \/>\n<meta property=\"og:locale\" content=\"en_US\" \/>\n<meta property=\"og:type\" content=\"article\" \/>\n<meta property=\"og:title\" content=\"Eh Gia - Sac Glamorous beige\/taupe multi saisons - L&#039;univers Animalier\" \/>\n<meta property=\"og:description\" content=\"Eh Gia - Sac glamorous multi saisons pour chien\" \/>\n<meta property=\"og:url\" content=\"https:\/\/universanimalier.com\/en\/boutique\/eh-gia-sac-glamorous-beige-taupe-multi-saisons\/\" \/>\n<meta property=\"og:site_name\" content=\"L&#039;univers Animalier\" \/>\n<meta property=\"article:publisher\" content=\"https:\/\/www.facebook.com\/lunivers.animalier\" \/>\n<meta property=\"article:modified_time\" content=\"2026-03-01T21:11:35+00:00\" \/>\n<meta property=\"og:image\" content=\"https:\/\/universanimalier.com\/wp-content\/uploads\/2026\/03\/IMG_1688-scaled.jpeg\" \/>\n\t<meta property=\"og:image:width\" content=\"1920\" \/>\n\t<meta property=\"og:image:height\" content=\"2560\" \/>\n\t<meta property=\"og:image:type\" content=\"image\/jpeg\" \/>\n<meta name=\"twitter:card\" content=\"summary_large_image\" \/>\n<meta name=\"twitter:label1\" content=\"Est. reading time\" \/>\n\t<meta name=\"twitter:data1\" content=\"1 minute\" \/>\n<script type=\"application\/ld+json\" class=\"yoast-schema-graph\">{\"@context\":\"https:\/\/schema.org\",\"@graph\":[{\"@type\":\"WebPage\",\"@id\":\"https:\/\/universanimalier.com\/boutique\/eh-gia-sac-glamorous-beige-taupe-multi-saisons\/\",\"url\":\"https:\/\/universanimalier.com\/boutique\/eh-gia-sac-glamorous-beige-taupe-multi-saisons\/\",\"name\":\"Eh Gia - Sac Glamorous beige\/taupe multi saisons - L&#039;univers Animalier\",\"isPartOf\":{\"@id\":\"https:\/\/wip.universanimalier.com\/#website\"},\"primaryImageOfPage\":{\"@id\":\"https:\/\/universanimalier.com\/boutique\/eh-gia-sac-glamorous-beige-taupe-multi-saisons\/#primaryimage\"},\"image\":{\"@id\":\"https:\/\/universanimalier.com\/boutique\/eh-gia-sac-glamorous-beige-taupe-multi-saisons\/#primaryimage\"},\"thumbnailUrl\":\"https:\/\/universanimalier.com\/wp-content\/uploads\/2026\/03\/IMG_1688-scaled.jpeg\",\"datePublished\":\"2026-03-01T21:10:49+00:00\",\"dateModified\":\"2026-03-01T21:11:35+00:00\",\"description\":\"Eh Gia - Sac glamorous multi saisons pour chien\",\"breadcrumb\":{\"@id\":\"https:\/\/universanimalier.com\/boutique\/eh-gia-sac-glamorous-beige-taupe-multi-saisons\/#breadcrumb\"},\"inLanguage\":\"en-US\",\"potentialAction\":[{\"@type\":\"ReadAction\",\"target\":[\"https:\/\/universanimalier.com\/boutique\/eh-gia-sac-glamorous-beige-taupe-multi-saisons\/\"]}]},{\"@type\":\"ImageObject\",\"inLanguage\":\"en-US\",\"@id\":\"https:\/\/universanimalier.com\/boutique\/eh-gia-sac-glamorous-beige-taupe-multi-saisons\/#primaryimage\",\"url\":\"https:\/\/universanimalier.com\/wp-content\/uploads\/2026\/03\/IMG_1688-scaled.jpeg\",\"contentUrl\":\"https:\/\/universanimalier.com\/wp-content\/uploads\/2026\/03\/IMG_1688-scaled.jpeg\",\"width\":1920,\"height\":2560},{\"@type\":\"BreadcrumbList\",\"@id\":\"https:\/\/universanimalier.com\/boutique\/eh-gia-sac-glamorous-beige-taupe-multi-saisons\/#breadcrumb\",\"itemListElement\":[{\"@type\":\"ListItem\",\"position\":1,\"name\":\"Accueil\",\"item\":\"https:\/\/wip.universanimalier.com\/\"},{\"@type\":\"ListItem\",\"position\":2,\"name\":\"Boutique\",\"item\":\"https:\/\/wip.universanimalier.com\/boutique\/\"},{\"@type\":\"ListItem\",\"position\":3,\"name\":\"Eh Gia &#8211; Sac Glamorous beige\/taupe multi saisons\"}]},{\"@type\":\"WebSite\",\"@id\":\"https:\/\/wip.universanimalier.com\/#website\",\"url\":\"https:\/\/wip.universanimalier.com\/\",\"name\":\"L'univers Animalier\",\"description\":\"Le paradis des chiens g\u00e2t\u00e9s !\",\"publisher\":{\"@id\":\"https:\/\/wip.universanimalier.com\/#organization\"},\"potentialAction\":[{\"@type\":\"SearchAction\",\"target\":{\"@type\":\"EntryPoint\",\"urlTemplate\":\"https:\/\/wip.universanimalier.com\/?s={search_term_string}\"},\"query-input\":{\"@type\":\"PropertyValueSpecification\",\"valueRequired\":true,\"valueName\":\"search_term_string\"}}],\"inLanguage\":\"en-US\"},{\"@type\":\"Organization\",\"@id\":\"https:\/\/wip.universanimalier.com\/#organization\",\"name\":\"L'univers Animalier\",\"url\":\"https:\/\/wip.universanimalier.com\/\",\"logo\":{\"@type\":\"ImageObject\",\"inLanguage\":\"en-US\",\"@id\":\"https:\/\/wip.universanimalier.com\/#\/schema\/logo\/image\/\",\"url\":\"https:\/\/universanimalier.com\/wp-content\/uploads\/2021\/06\/logo.jpg\",\"contentUrl\":\"https:\/\/universanimalier.com\/wp-content\/uploads\/2021\/06\/logo.jpg\",\"width\":800,\"height\":200,\"caption\":\"L'univers Animalier\"},\"image\":{\"@id\":\"https:\/\/wip.universanimalier.com\/#\/schema\/logo\/image\/\"},\"sameAs\":[\"https:\/\/www.facebook.com\/lunivers.animalier\"]}]}<\/script>\n<!-- \/ Yoast SEO plugin. -->","yoast_head_json":{"title":"Eh Gia - Sac Glamorous beige\/taupe multi saisons - L&#039;univers Animalier","description":"Eh Gia - Sac glamorous multi saisons pour chien","robots":{"index":"index","follow":"follow","max-snippet":"max-snippet:-1","max-image-preview":"max-image-preview:large","max-video-preview":"max-video-preview:-1"},"canonical":"https:\/\/universanimalier.com\/en\/boutique\/eh-gia-sac-glamorous-beige-taupe-multi-saisons\/","og_locale":"en_US","og_type":"article","og_title":"Eh Gia - Sac Glamorous beige\/taupe multi saisons - L&#039;univers Animalier","og_description":"Eh Gia - Sac glamorous multi saisons pour chien","og_url":"https:\/\/universanimalier.com\/en\/boutique\/eh-gia-sac-glamorous-beige-taupe-multi-saisons\/","og_site_name":"L&#039;univers Animalier","article_publisher":"https:\/\/www.facebook.com\/lunivers.animalier","article_modified_time":"2026-03-01T21:11:35+00:00","og_image":[{"width":1920,"height":2560,"url":"https:\/\/universanimalier.com\/wp-content\/uploads\/2026\/03\/IMG_1688-scaled.jpeg","type":"image\/jpeg"}],"twitter_card":"summary_large_image","twitter_misc":{"Est. reading time":"1 minute"},"schema":{"@context":"https:\/\/schema.org","@graph":[{"@type":"WebPage","@id":"https:\/\/universanimalier.com\/boutique\/eh-gia-sac-glamorous-beige-taupe-multi-saisons\/","url":"https:\/\/universanimalier.com\/boutique\/eh-gia-sac-glamorous-beige-taupe-multi-saisons\/","name":"Eh Gia - Sac Glamorous beige\/taupe multi saisons - L&#039;univers Animalier","isPartOf":{"@id":"https:\/\/wip.universanimalier.com\/#website"},"primaryImageOfPage":{"@id":"https:\/\/universanimalier.com\/boutique\/eh-gia-sac-glamorous-beige-taupe-multi-saisons\/#primaryimage"},"image":{"@id":"https:\/\/universanimalier.com\/boutique\/eh-gia-sac-glamorous-beige-taupe-multi-saisons\/#primaryimage"},"thumbnailUrl":"https:\/\/universanimalier.com\/wp-content\/uploads\/2026\/03\/IMG_1688-scaled.jpeg","datePublished":"2026-03-01T21:10:49+00:00","dateModified":"2026-03-01T21:11:35+00:00","description":"Eh Gia - Sac glamorous multi saisons pour chien","breadcrumb":{"@id":"https:\/\/universanimalier.com\/boutique\/eh-gia-sac-glamorous-beige-taupe-multi-saisons\/#breadcrumb"},"inLanguage":"en-US","potentialAction":[{"@type":"ReadAction","target":["https:\/\/universanimalier.com\/boutique\/eh-gia-sac-glamorous-beige-taupe-multi-saisons\/"]}]},{"@type":"ImageObject","inLanguage":"en-US","@id":"https:\/\/universanimalier.com\/boutique\/eh-gia-sac-glamorous-beige-taupe-multi-saisons\/#primaryimage","url":"https:\/\/universanimalier.com\/wp-content\/uploads\/2026\/03\/IMG_1688-scaled.jpeg","contentUrl":"https:\/\/universanimalier.com\/wp-content\/uploads\/2026\/03\/IMG_1688-scaled.jpeg","width":1920,"height":2560},{"@type":"BreadcrumbList","@id":"https:\/\/universanimalier.com\/boutique\/eh-gia-sac-glamorous-beige-taupe-multi-saisons\/#breadcrumb","itemListElement":[{"@type":"ListItem","position":1,"name":"Accueil","item":"https:\/\/wip.universanimalier.com\/"},{"@type":"ListItem","position":2,"name":"Boutique","item":"https:\/\/wip.universanimalier.com\/boutique\/"},{"@type":"ListItem","position":3,"name":"Eh Gia &#8211; Sac Glamorous beige\/taupe multi saisons"}]},{"@type":"WebSite","@id":"https:\/\/wip.universanimalier.com\/#website","url":"https:\/\/wip.universanimalier.com\/","name":"L'univers Animalier","description":"A paradise for spoiled dogs!","publisher":{"@id":"https:\/\/wip.universanimalier.com\/#organization"},"potentialAction":[{"@type":"SearchAction","target":{"@type":"EntryPoint","urlTemplate":"https:\/\/wip.universanimalier.com\/?s={search_term_string}"},"query-input":{"@type":"PropertyValueSpecification","valueRequired":true,"valueName":"search_term_string"}}],"inLanguage":"en-US"},{"@type":"Organization","@id":"https:\/\/wip.universanimalier.com\/#organization","name":"L'univers Animalier","url":"https:\/\/wip.universanimalier.com\/","logo":{"@type":"ImageObject","inLanguage":"en-US","@id":"https:\/\/wip.universanimalier.com\/#\/schema\/logo\/image\/","url":"https:\/\/universanimalier.com\/wp-content\/uploads\/2021\/06\/logo.jpg","contentUrl":"https:\/\/universanimalier.com\/wp-content\/uploads\/2021\/06\/logo.jpg","width":800,"height":200,"caption":"L'univers Animalier"},"image":{"@id":"https:\/\/wip.universanimalier.com\/#\/schema\/logo\/image\/"},"sameAs":["https:\/\/www.facebook.com\/lunivers.animalier"]}]}},"_links":{"self":[{"href":"https:\/\/universanimalier.com\/en\/wp-json\/wp\/v2\/product\/62636"}],"collection":[{"href":"https:\/\/universanimalier.com\/en\/wp-json\/wp\/v2\/product"}],"about":[{"href":"https:\/\/universanimalier.com\/en\/wp-json\/wp\/v2\/types\/product"}],"wp:featuredmedia":[{"embeddable":true,"href":"https:\/\/universanimalier.com\/en\/wp-json\/wp\/v2\/media\/62626"}],"wp:attachment":[{"href":"https:\/\/universanimalier.com\/en\/wp-json\/wp\/v2\/media?parent=62636"}],"wp:term":[{"taxonomy":"product_brand","embeddable":true,"href":"https:\/\/universanimalier.com\/en\/wp-json\/wp\/v2\/product_brand?post=62636"},{"taxonomy":"product_cat","embeddable":true,"href":"https:\/\/universanimalier.com\/en\/wp-json\/wp\/v2\/product_cat?post=62636"},{"taxonomy":"product_tag","embeddable":true,"href":"https:\/\/universanimalier.com\/en\/wp-json\/wp\/v2\/product_tag?post=62636"}],"curies":[{"name":"wp","href":"https:\/\/api.w.org\/{rel}","templated":true}]}}