{"id":62658,"date":"2026-03-14T14:05:02","date_gmt":"2026-03-14T13:05:02","guid":{"rendered":"https:\/\/universanimalier.com\/?post_type=product&#038;p=62658"},"modified":"2026-03-14T14:06:15","modified_gmt":"2026-03-14T13:06:15","slug":"en-tete-a-truffe-sachet-de-biscuits-de-printemps-pour-chien-trio-glace","status":"publish","type":"product","link":"https:\/\/universanimalier.com\/en\/boutique\/en-tete-a-truffe-sachet-de-biscuits-de-printemps-pour-chien-trio-glace\/","title":{"rendered":"En t\u00eate \u00e0 truffe &#8211; Sachet de biscuits de Printemps pour chien Trio glac\u00e9"},"content":{"rendered":"<p>Trio de biscuits pour chien glac\u00e9s imagin\u00e9 pour le printemps. Une coccinelle, une marguerite et une fraise.<\/p>\n<p>Chaque biscuit est fabriqu\u00e9 artisanalement, puis glac\u00e9 \u00e0 la main avec un gla\u00e7age au yaourt adapt\u00e9 aux chiens. Les biscuits \u00e9tant glac\u00e9s manuellement, l\u2019aspect peut l\u00e9g\u00e8rement varier d\u2019un lot \u00e0 l\u2019autre, ce qui refl\u00e8te le caract\u00e8re artisanal du produit.<\/p>\n<p>Composition \u2022 Banane \u2022 Farine d\u2019avoine \u2022 Pur\u00e9e de cacahu\u00e8te \u2022 Farine de pois chiche \u2022 Psyllium blond Gla\u00e7age : yaourt nature adapt\u00e9 aux chiens.<\/p>\n<ul>\n<li>Poids : 55 G environ<\/li>\n<li>3 biscuits<\/li>\n<li>Biscuits artisanaux fabriqu\u00e9s \u00e0 la main en France<\/li>\n<li>Aussi beaux que bons, ils sont con\u00e7us \u00e0 partir d&rsquo;ingr\u00e9dients sains, sans conservateur et sans sucre<\/li>\n<\/ul>","protected":false},"excerpt":{"rendered":"<p>Trio de biscuits pour chien glac\u00e9s imagin\u00e9 pour le printemps. Une coccinelle, une marguerite et une fraise.<\/p>\n<p>Chaque biscuit est fabriqu\u00e9 artisanalement, puis glac\u00e9 \u00e0 la main avec un gla\u00e7age au yaourt adapt\u00e9 aux chiens. Les biscuits \u00e9tant glac\u00e9s manuellement, l\u2019aspect peut l\u00e9g\u00e8rement varier d\u2019un lot \u00e0 l\u2019autre, ce qui refl\u00e8te le caract\u00e8re artisanal du produit.<\/p>\n<p>Composition \u2022 Banane \u2022 Farine d\u2019avoine \u2022 Pur\u00e9e de cacahu\u00e8te \u2022 Farine de pois chiche \u2022 Psyllium blond Gla\u00e7age : yaourt nature adapt\u00e9 aux chiens.<\/p>\n<ul>\n<li>Poids : 55 G environ<\/li>\n<li>3 biscuits<\/li>\n<li>Biscuits artisanaux fabriqu\u00e9s \u00e0 la main en France<\/li>\n<li>Aussi beaux que bons, ils sont con\u00e7us \u00e0 partir d&rsquo;ingr\u00e9dients sains, sans conservateur et sans sucre<\/li>\n<\/ul>","protected":false},"featured_media":62653,"template":"","meta":[],"product_brand":[],"product_cat":[593,267],"product_tag":[9296,6689,9297,9299,9282,8891,3433,9298,9287,9263,9264],"class_list":{"0":"post-62658","1":"product","2":"type-product","3":"status-publish","4":"has-post-thumbnail","6":"product_cat-a-table","7":"product_cat-friandises","8":"product_tag-biscuits-de-paques-pour-chien","9":"product_tag-biscuits-pour-chien","10":"product_tag-cadeau-de-paques-pour-chien","11":"product_tag-easter-for-dogs","12":"product_tag-en-tete-a-truffe","13":"product_tag-friandises-naturelles-pour-chien","14":"product_tag-friandises-pour-chien","15":"product_tag-happy-easter","16":"product_tag-natrural-treats-for-dogs","17":"product_tag-sac-cadeau-pour-animaux","18":"product_tag-sac-cadeau-pour-chien","20":"first","21":"instock","22":"shipping-taxable","23":"purchasable","24":"product-type-simple"},"yoast_head":"<!-- This site is optimized with the Yoast SEO plugin v25.5 - https:\/\/yoast.com\/wordpress\/plugins\/seo\/ -->\n<title>En t\u00eate \u00e0 truffe - Sachet de biscuits de Printemps pour chien Trio glac\u00e9 - L&#039;univers Animalier<\/title>\n<meta name=\"description\" content=\"En t\u00eate \u00e0 truffe - Sachet de biscuitspour chien My Pawlentine has Paw\" \/>\n<meta name=\"robots\" content=\"index, follow, max-snippet:-1, max-image-preview:large, max-video-preview:-1\" \/>\n<link rel=\"canonical\" href=\"https:\/\/universanimalier.com\/en\/boutique\/en-tete-a-truffe-sachet-de-biscuits-de-printemps-pour-chien-trio-glace\/\" \/>\n<meta property=\"og:locale\" content=\"en_US\" \/>\n<meta property=\"og:type\" content=\"article\" \/>\n<meta property=\"og:title\" content=\"En t\u00eate \u00e0 truffe - Sachet de biscuits de Printemps pour chien Trio glac\u00e9 - L&#039;univers Animalier\" \/>\n<meta property=\"og:description\" content=\"En t\u00eate \u00e0 truffe - Sachet de biscuitspour chien My Pawlentine has Paw\" \/>\n<meta property=\"og:url\" content=\"https:\/\/universanimalier.com\/en\/boutique\/en-tete-a-truffe-sachet-de-biscuits-de-printemps-pour-chien-trio-glace\/\" \/>\n<meta property=\"og:site_name\" content=\"L&#039;univers Animalier\" \/>\n<meta property=\"article:publisher\" content=\"https:\/\/www.facebook.com\/lunivers.animalier\" \/>\n<meta property=\"article:modified_time\" content=\"2026-03-14T13:06:15+00:00\" \/>\n<meta property=\"og:image\" content=\"https:\/\/universanimalier.com\/wp-content\/uploads\/2026\/03\/IMG_2134.jpeg\" \/>\n\t<meta property=\"og:image:width\" content=\"884\" \/>\n\t<meta property=\"og:image:height\" content=\"884\" \/>\n\t<meta property=\"og:image:type\" content=\"image\/jpeg\" \/>\n<meta name=\"twitter:card\" content=\"summary_large_image\" \/>\n<meta name=\"twitter:label1\" content=\"Est. reading time\" \/>\n\t<meta name=\"twitter:data1\" content=\"1 minute\" \/>\n<script type=\"application\/ld+json\" class=\"yoast-schema-graph\">{\"@context\":\"https:\/\/schema.org\",\"@graph\":[{\"@type\":\"WebPage\",\"@id\":\"https:\/\/universanimalier.com\/boutique\/en-tete-a-truffe-sachet-de-biscuits-de-printemps-pour-chien-trio-glace\/\",\"url\":\"https:\/\/universanimalier.com\/boutique\/en-tete-a-truffe-sachet-de-biscuits-de-printemps-pour-chien-trio-glace\/\",\"name\":\"En t\u00eate \u00e0 truffe - Sachet de biscuits de Printemps pour chien Trio glac\u00e9 - L&#039;univers Animalier\",\"isPartOf\":{\"@id\":\"https:\/\/wip.universanimalier.com\/#website\"},\"primaryImageOfPage\":{\"@id\":\"https:\/\/universanimalier.com\/boutique\/en-tete-a-truffe-sachet-de-biscuits-de-printemps-pour-chien-trio-glace\/#primaryimage\"},\"image\":{\"@id\":\"https:\/\/universanimalier.com\/boutique\/en-tete-a-truffe-sachet-de-biscuits-de-printemps-pour-chien-trio-glace\/#primaryimage\"},\"thumbnailUrl\":\"https:\/\/universanimalier.com\/wp-content\/uploads\/2026\/03\/IMG_2134.jpeg\",\"datePublished\":\"2026-03-14T13:05:02+00:00\",\"dateModified\":\"2026-03-14T13:06:15+00:00\",\"description\":\"En t\u00eate \u00e0 truffe - Sachet de biscuitspour chien My Pawlentine has Paw\",\"breadcrumb\":{\"@id\":\"https:\/\/universanimalier.com\/boutique\/en-tete-a-truffe-sachet-de-biscuits-de-printemps-pour-chien-trio-glace\/#breadcrumb\"},\"inLanguage\":\"en-US\",\"potentialAction\":[{\"@type\":\"ReadAction\",\"target\":[\"https:\/\/universanimalier.com\/boutique\/en-tete-a-truffe-sachet-de-biscuits-de-printemps-pour-chien-trio-glace\/\"]}]},{\"@type\":\"ImageObject\",\"inLanguage\":\"en-US\",\"@id\":\"https:\/\/universanimalier.com\/boutique\/en-tete-a-truffe-sachet-de-biscuits-de-printemps-pour-chien-trio-glace\/#primaryimage\",\"url\":\"https:\/\/universanimalier.com\/wp-content\/uploads\/2026\/03\/IMG_2134.jpeg\",\"contentUrl\":\"https:\/\/universanimalier.com\/wp-content\/uploads\/2026\/03\/IMG_2134.jpeg\",\"width\":884,\"height\":884},{\"@type\":\"BreadcrumbList\",\"@id\":\"https:\/\/universanimalier.com\/boutique\/en-tete-a-truffe-sachet-de-biscuits-de-printemps-pour-chien-trio-glace\/#breadcrumb\",\"itemListElement\":[{\"@type\":\"ListItem\",\"position\":1,\"name\":\"Accueil\",\"item\":\"https:\/\/wip.universanimalier.com\/\"},{\"@type\":\"ListItem\",\"position\":2,\"name\":\"Boutique\",\"item\":\"https:\/\/wip.universanimalier.com\/boutique\/\"},{\"@type\":\"ListItem\",\"position\":3,\"name\":\"En t\u00eate \u00e0 truffe &#8211; Sachet de biscuits de Printemps pour chien Trio glac\u00e9\"}]},{\"@type\":\"WebSite\",\"@id\":\"https:\/\/wip.universanimalier.com\/#website\",\"url\":\"https:\/\/wip.universanimalier.com\/\",\"name\":\"L'univers Animalier\",\"description\":\"Le paradis des chiens g\u00e2t\u00e9s !\",\"publisher\":{\"@id\":\"https:\/\/wip.universanimalier.com\/#organization\"},\"potentialAction\":[{\"@type\":\"SearchAction\",\"target\":{\"@type\":\"EntryPoint\",\"urlTemplate\":\"https:\/\/wip.universanimalier.com\/?s={search_term_string}\"},\"query-input\":{\"@type\":\"PropertyValueSpecification\",\"valueRequired\":true,\"valueName\":\"search_term_string\"}}],\"inLanguage\":\"en-US\"},{\"@type\":\"Organization\",\"@id\":\"https:\/\/wip.universanimalier.com\/#organization\",\"name\":\"L'univers Animalier\",\"url\":\"https:\/\/wip.universanimalier.com\/\",\"logo\":{\"@type\":\"ImageObject\",\"inLanguage\":\"en-US\",\"@id\":\"https:\/\/wip.universanimalier.com\/#\/schema\/logo\/image\/\",\"url\":\"https:\/\/universanimalier.com\/wp-content\/uploads\/2021\/06\/logo.jpg\",\"contentUrl\":\"https:\/\/universanimalier.com\/wp-content\/uploads\/2021\/06\/logo.jpg\",\"width\":800,\"height\":200,\"caption\":\"L'univers Animalier\"},\"image\":{\"@id\":\"https:\/\/wip.universanimalier.com\/#\/schema\/logo\/image\/\"},\"sameAs\":[\"https:\/\/www.facebook.com\/lunivers.animalier\"]}]}<\/script>\n<!-- \/ Yoast SEO plugin. -->","yoast_head_json":{"title":"En t\u00eate \u00e0 truffe - Sachet de biscuits de Printemps pour chien Trio glac\u00e9 - L&#039;univers Animalier","description":"En t\u00eate \u00e0 truffe - Sachet de biscuitspour chien My Pawlentine has Paw","robots":{"index":"index","follow":"follow","max-snippet":"max-snippet:-1","max-image-preview":"max-image-preview:large","max-video-preview":"max-video-preview:-1"},"canonical":"https:\/\/universanimalier.com\/en\/boutique\/en-tete-a-truffe-sachet-de-biscuits-de-printemps-pour-chien-trio-glace\/","og_locale":"en_US","og_type":"article","og_title":"En t\u00eate \u00e0 truffe - Sachet de biscuits de Printemps pour chien Trio glac\u00e9 - L&#039;univers Animalier","og_description":"En t\u00eate \u00e0 truffe - Sachet de biscuitspour chien My Pawlentine has Paw","og_url":"https:\/\/universanimalier.com\/en\/boutique\/en-tete-a-truffe-sachet-de-biscuits-de-printemps-pour-chien-trio-glace\/","og_site_name":"L&#039;univers Animalier","article_publisher":"https:\/\/www.facebook.com\/lunivers.animalier","article_modified_time":"2026-03-14T13:06:15+00:00","og_image":[{"width":884,"height":884,"url":"https:\/\/universanimalier.com\/wp-content\/uploads\/2026\/03\/IMG_2134.jpeg","type":"image\/jpeg"}],"twitter_card":"summary_large_image","twitter_misc":{"Est. reading time":"1 minute"},"schema":{"@context":"https:\/\/schema.org","@graph":[{"@type":"WebPage","@id":"https:\/\/universanimalier.com\/boutique\/en-tete-a-truffe-sachet-de-biscuits-de-printemps-pour-chien-trio-glace\/","url":"https:\/\/universanimalier.com\/boutique\/en-tete-a-truffe-sachet-de-biscuits-de-printemps-pour-chien-trio-glace\/","name":"En t\u00eate \u00e0 truffe - Sachet de biscuits de Printemps pour chien Trio glac\u00e9 - L&#039;univers Animalier","isPartOf":{"@id":"https:\/\/wip.universanimalier.com\/#website"},"primaryImageOfPage":{"@id":"https:\/\/universanimalier.com\/boutique\/en-tete-a-truffe-sachet-de-biscuits-de-printemps-pour-chien-trio-glace\/#primaryimage"},"image":{"@id":"https:\/\/universanimalier.com\/boutique\/en-tete-a-truffe-sachet-de-biscuits-de-printemps-pour-chien-trio-glace\/#primaryimage"},"thumbnailUrl":"https:\/\/universanimalier.com\/wp-content\/uploads\/2026\/03\/IMG_2134.jpeg","datePublished":"2026-03-14T13:05:02+00:00","dateModified":"2026-03-14T13:06:15+00:00","description":"En t\u00eate \u00e0 truffe - Sachet de biscuitspour chien My Pawlentine has Paw","breadcrumb":{"@id":"https:\/\/universanimalier.com\/boutique\/en-tete-a-truffe-sachet-de-biscuits-de-printemps-pour-chien-trio-glace\/#breadcrumb"},"inLanguage":"en-US","potentialAction":[{"@type":"ReadAction","target":["https:\/\/universanimalier.com\/boutique\/en-tete-a-truffe-sachet-de-biscuits-de-printemps-pour-chien-trio-glace\/"]}]},{"@type":"ImageObject","inLanguage":"en-US","@id":"https:\/\/universanimalier.com\/boutique\/en-tete-a-truffe-sachet-de-biscuits-de-printemps-pour-chien-trio-glace\/#primaryimage","url":"https:\/\/universanimalier.com\/wp-content\/uploads\/2026\/03\/IMG_2134.jpeg","contentUrl":"https:\/\/universanimalier.com\/wp-content\/uploads\/2026\/03\/IMG_2134.jpeg","width":884,"height":884},{"@type":"BreadcrumbList","@id":"https:\/\/universanimalier.com\/boutique\/en-tete-a-truffe-sachet-de-biscuits-de-printemps-pour-chien-trio-glace\/#breadcrumb","itemListElement":[{"@type":"ListItem","position":1,"name":"Accueil","item":"https:\/\/wip.universanimalier.com\/"},{"@type":"ListItem","position":2,"name":"Boutique","item":"https:\/\/wip.universanimalier.com\/boutique\/"},{"@type":"ListItem","position":3,"name":"En t\u00eate \u00e0 truffe &#8211; Sachet de biscuits de Printemps pour chien Trio glac\u00e9"}]},{"@type":"WebSite","@id":"https:\/\/wip.universanimalier.com\/#website","url":"https:\/\/wip.universanimalier.com\/","name":"L'univers Animalier","description":"A paradise for spoiled dogs!","publisher":{"@id":"https:\/\/wip.universanimalier.com\/#organization"},"potentialAction":[{"@type":"SearchAction","target":{"@type":"EntryPoint","urlTemplate":"https:\/\/wip.universanimalier.com\/?s={search_term_string}"},"query-input":{"@type":"PropertyValueSpecification","valueRequired":true,"valueName":"search_term_string"}}],"inLanguage":"en-US"},{"@type":"Organization","@id":"https:\/\/wip.universanimalier.com\/#organization","name":"L'univers Animalier","url":"https:\/\/wip.universanimalier.com\/","logo":{"@type":"ImageObject","inLanguage":"en-US","@id":"https:\/\/wip.universanimalier.com\/#\/schema\/logo\/image\/","url":"https:\/\/universanimalier.com\/wp-content\/uploads\/2021\/06\/logo.jpg","contentUrl":"https:\/\/universanimalier.com\/wp-content\/uploads\/2021\/06\/logo.jpg","width":800,"height":200,"caption":"L'univers Animalier"},"image":{"@id":"https:\/\/wip.universanimalier.com\/#\/schema\/logo\/image\/"},"sameAs":["https:\/\/www.facebook.com\/lunivers.animalier"]}]}},"_links":{"self":[{"href":"https:\/\/universanimalier.com\/en\/wp-json\/wp\/v2\/product\/62658"}],"collection":[{"href":"https:\/\/universanimalier.com\/en\/wp-json\/wp\/v2\/product"}],"about":[{"href":"https:\/\/universanimalier.com\/en\/wp-json\/wp\/v2\/types\/product"}],"wp:featuredmedia":[{"embeddable":true,"href":"https:\/\/universanimalier.com\/en\/wp-json\/wp\/v2\/media\/62653"}],"wp:attachment":[{"href":"https:\/\/universanimalier.com\/en\/wp-json\/wp\/v2\/media?parent=62658"}],"wp:term":[{"taxonomy":"product_brand","embeddable":true,"href":"https:\/\/universanimalier.com\/en\/wp-json\/wp\/v2\/product_brand?post=62658"},{"taxonomy":"product_cat","embeddable":true,"href":"https:\/\/universanimalier.com\/en\/wp-json\/wp\/v2\/product_cat?post=62658"},{"taxonomy":"product_tag","embeddable":true,"href":"https:\/\/universanimalier.com\/en\/wp-json\/wp\/v2\/product_tag?post=62658"}],"curies":[{"name":"wp","href":"https:\/\/api.w.org\/{rel}","templated":true}]}}