{"id":62677,"date":"2026-03-25T22:23:03","date_gmt":"2026-03-25T21:23:03","guid":{"rendered":"https:\/\/universanimalier.com\/?post_type=product&#038;p=62677"},"modified":"2026-04-15T21:42:55","modified_gmt":"2026-04-15T19:42:55","slug":"haute-diggity-dog-jouet-barks-headphones","status":"publish","type":"product","link":"https:\/\/universanimalier.com\/en\/boutique\/haute-diggity-dog-jouet-barks-headphones\/","title":{"rendered":"Haute Diggity Dog &#8211; Jouet Barks Headphones"},"content":{"rendered":"<p>Jouet parodique Haute Diggity Dog.<\/p>\n<p>Amusez-vous avec le casque audio Barks\u00a0! Ce jouet en peluche pour chien allie style et fantaisie gr\u00e2ce \u00e0 son couineur et son tissu froiss\u00e9 int\u00e9gr\u00e9s qui captiveront votre compagnon. Fabriqu\u00e9 dans un tissu doux et c\u00e2lin, il est id\u00e9al pour jouer \u00e0 la balle, \u00e0 la corde ou pour se d\u00e9tendre entre deux s\u00e9ances de jeu. Un jouet moderne et original qui apporte une touche de personnalit\u00e9 \u00e0 la collection de jouets de votre chien tout en lui offrant des sons et des textures qu&rsquo;il adore. Dimensions\u00a0: 21,5\u00a0cm x 23\u00a0cm x 13\u00a0cm.<\/p>","protected":false},"excerpt":{"rendered":"<p>Jouet parodique Haute Diggity Dog.<\/p>\n<p>Amusez-vous avec le casque audio Barks\u00a0! Ce jouet en peluche pour chien allie style et fantaisie gr\u00e2ce \u00e0 son couineur et son tissu froiss\u00e9 int\u00e9gr\u00e9s qui captiveront votre compagnon. Fabriqu\u00e9 dans un tissu doux et c\u00e2lin, il est id\u00e9al pour jouer \u00e0 la balle, \u00e0 la corde ou pour se d\u00e9tendre entre deux s\u00e9ances de jeu. Un jouet moderne et original qui apporte une touche de personnalit\u00e9 \u00e0 la collection de jouets de votre chien tout en lui offrant des sons et des textures qu&rsquo;il adore. Dimensions\u00a0: 21,5\u00a0cm x 23\u00a0cm x 13\u00a0cm.<\/p>","protected":false},"featured_media":62678,"template":"","meta":[],"product_brand":[],"product_cat":[8026,9371,79],"product_tag":[9306,4032,4054,7522,4031,9305,9261,9260,9302,9300,9301,9304,9303],"class_list":{"0":"post-62677","1":"product","2":"type-product","3":"status-publish","4":"has-post-thumbnail","6":"product_cat-jouets-jouets","7":"product_cat-printemps-ete-2026","8":"product_cat-jouets","9":"product_tag-barks-headphones","10":"product_tag-diggity-dog","11":"product_tag-dogior","12":"product_tag-dogior-bone","13":"product_tag-haute-diggity-dog","14":"product_tag-jouet-doggo-athletic-sock","15":"product_tag-jouet-red-bulldog","16":"product_tag-jouet-redbull","17":"product_tag-labowwow","18":"product_tag-labubu","19":"product_tag-labubu-for-dog","20":"product_tag-pawlates","21":"product_tag-pilates","23":"first","24":"instock","25":"shipping-taxable","26":"purchasable","27":"product-type-simple"},"yoast_head":"<!-- This site is optimized with the Yoast SEO plugin v25.5 - https:\/\/yoast.com\/wordpress\/plugins\/seo\/ -->\n<title>Haute Diggity Dog - Jouet Barks Headphones - L&#039;univers Animalier<\/title>\n<meta name=\"description\" content=\"Haute Diggity Dog - Jouet parodique pour chien Redbull Dog\" \/>\n<meta name=\"robots\" content=\"index, follow, max-snippet:-1, max-image-preview:large, max-video-preview:-1\" \/>\n<link rel=\"canonical\" href=\"https:\/\/universanimalier.com\/en\/boutique\/haute-diggity-dog-jouet-barks-headphones\/\" \/>\n<meta property=\"og:locale\" content=\"en_US\" \/>\n<meta property=\"og:type\" content=\"article\" \/>\n<meta property=\"og:title\" content=\"Haute Diggity Dog - Jouet Barks Headphones - L&#039;univers Animalier\" \/>\n<meta property=\"og:description\" content=\"Haute Diggity Dog - Jouet parodique pour chien Redbull Dog\" \/>\n<meta property=\"og:url\" content=\"https:\/\/universanimalier.com\/en\/boutique\/haute-diggity-dog-jouet-barks-headphones\/\" \/>\n<meta property=\"og:site_name\" content=\"L&#039;univers Animalier\" \/>\n<meta property=\"article:publisher\" content=\"https:\/\/www.facebook.com\/lunivers.animalier\" \/>\n<meta property=\"article:modified_time\" content=\"2026-04-15T19:42:55+00:00\" \/>\n<meta property=\"og:image\" content=\"https:\/\/universanimalier.com\/wp-content\/uploads\/2026\/03\/50e8be52-3e8d-4c8a-b8d1-dac9cd0d9787_1080x.png\" \/>\n\t<meta property=\"og:image:width\" content=\"1080\" \/>\n\t<meta property=\"og:image:height\" content=\"1080\" \/>\n\t<meta property=\"og:image:type\" content=\"image\/png\" \/>\n<meta name=\"twitter:card\" content=\"summary_large_image\" \/>\n<meta name=\"twitter:label1\" content=\"Est. reading time\" \/>\n\t<meta name=\"twitter:data1\" content=\"1 minute\" \/>\n<script type=\"application\/ld+json\" class=\"yoast-schema-graph\">{\"@context\":\"https:\/\/schema.org\",\"@graph\":[{\"@type\":\"WebPage\",\"@id\":\"https:\/\/universanimalier.com\/boutique\/haute-diggity-dog-jouet-barks-headphones\/\",\"url\":\"https:\/\/universanimalier.com\/boutique\/haute-diggity-dog-jouet-barks-headphones\/\",\"name\":\"Haute Diggity Dog - Jouet Barks Headphones - L&#039;univers Animalier\",\"isPartOf\":{\"@id\":\"https:\/\/wip.universanimalier.com\/#website\"},\"primaryImageOfPage\":{\"@id\":\"https:\/\/universanimalier.com\/boutique\/haute-diggity-dog-jouet-barks-headphones\/#primaryimage\"},\"image\":{\"@id\":\"https:\/\/universanimalier.com\/boutique\/haute-diggity-dog-jouet-barks-headphones\/#primaryimage\"},\"thumbnailUrl\":\"https:\/\/universanimalier.com\/wp-content\/uploads\/2026\/03\/50e8be52-3e8d-4c8a-b8d1-dac9cd0d9787_1080x.png\",\"datePublished\":\"2026-03-25T21:23:03+00:00\",\"dateModified\":\"2026-04-15T19:42:55+00:00\",\"description\":\"Haute Diggity Dog - Jouet parodique pour chien Redbull Dog\",\"breadcrumb\":{\"@id\":\"https:\/\/universanimalier.com\/boutique\/haute-diggity-dog-jouet-barks-headphones\/#breadcrumb\"},\"inLanguage\":\"en-US\",\"potentialAction\":[{\"@type\":\"ReadAction\",\"target\":[\"https:\/\/universanimalier.com\/boutique\/haute-diggity-dog-jouet-barks-headphones\/\"]}]},{\"@type\":\"ImageObject\",\"inLanguage\":\"en-US\",\"@id\":\"https:\/\/universanimalier.com\/boutique\/haute-diggity-dog-jouet-barks-headphones\/#primaryimage\",\"url\":\"https:\/\/universanimalier.com\/wp-content\/uploads\/2026\/03\/50e8be52-3e8d-4c8a-b8d1-dac9cd0d9787_1080x.png\",\"contentUrl\":\"https:\/\/universanimalier.com\/wp-content\/uploads\/2026\/03\/50e8be52-3e8d-4c8a-b8d1-dac9cd0d9787_1080x.png\",\"width\":1080,\"height\":1080},{\"@type\":\"BreadcrumbList\",\"@id\":\"https:\/\/universanimalier.com\/boutique\/haute-diggity-dog-jouet-barks-headphones\/#breadcrumb\",\"itemListElement\":[{\"@type\":\"ListItem\",\"position\":1,\"name\":\"Accueil\",\"item\":\"https:\/\/wip.universanimalier.com\/\"},{\"@type\":\"ListItem\",\"position\":2,\"name\":\"Boutique\",\"item\":\"https:\/\/wip.universanimalier.com\/boutique\/\"},{\"@type\":\"ListItem\",\"position\":3,\"name\":\"Haute Diggity Dog &#8211; Jouet Barks Headphones\"}]},{\"@type\":\"WebSite\",\"@id\":\"https:\/\/wip.universanimalier.com\/#website\",\"url\":\"https:\/\/wip.universanimalier.com\/\",\"name\":\"L'univers Animalier\",\"description\":\"Le paradis des chiens g\u00e2t\u00e9s !\",\"publisher\":{\"@id\":\"https:\/\/wip.universanimalier.com\/#organization\"},\"potentialAction\":[{\"@type\":\"SearchAction\",\"target\":{\"@type\":\"EntryPoint\",\"urlTemplate\":\"https:\/\/wip.universanimalier.com\/?s={search_term_string}\"},\"query-input\":{\"@type\":\"PropertyValueSpecification\",\"valueRequired\":true,\"valueName\":\"search_term_string\"}}],\"inLanguage\":\"en-US\"},{\"@type\":\"Organization\",\"@id\":\"https:\/\/wip.universanimalier.com\/#organization\",\"name\":\"L'univers Animalier\",\"url\":\"https:\/\/wip.universanimalier.com\/\",\"logo\":{\"@type\":\"ImageObject\",\"inLanguage\":\"en-US\",\"@id\":\"https:\/\/wip.universanimalier.com\/#\/schema\/logo\/image\/\",\"url\":\"https:\/\/universanimalier.com\/wp-content\/uploads\/2021\/06\/logo.jpg\",\"contentUrl\":\"https:\/\/universanimalier.com\/wp-content\/uploads\/2021\/06\/logo.jpg\",\"width\":800,\"height\":200,\"caption\":\"L'univers Animalier\"},\"image\":{\"@id\":\"https:\/\/wip.universanimalier.com\/#\/schema\/logo\/image\/\"},\"sameAs\":[\"https:\/\/www.facebook.com\/lunivers.animalier\"]}]}<\/script>\n<!-- \/ Yoast SEO plugin. -->","yoast_head_json":{"title":"Haute Diggity Dog - Jouet Barks Headphones - L&#039;univers Animalier","description":"Haute Diggity Dog - Jouet parodique pour chien Redbull Dog","robots":{"index":"index","follow":"follow","max-snippet":"max-snippet:-1","max-image-preview":"max-image-preview:large","max-video-preview":"max-video-preview:-1"},"canonical":"https:\/\/universanimalier.com\/en\/boutique\/haute-diggity-dog-jouet-barks-headphones\/","og_locale":"en_US","og_type":"article","og_title":"Haute Diggity Dog - Jouet Barks Headphones - L&#039;univers Animalier","og_description":"Haute Diggity Dog - Jouet parodique pour chien Redbull Dog","og_url":"https:\/\/universanimalier.com\/en\/boutique\/haute-diggity-dog-jouet-barks-headphones\/","og_site_name":"L&#039;univers Animalier","article_publisher":"https:\/\/www.facebook.com\/lunivers.animalier","article_modified_time":"2026-04-15T19:42:55+00:00","og_image":[{"width":1080,"height":1080,"url":"https:\/\/universanimalier.com\/wp-content\/uploads\/2026\/03\/50e8be52-3e8d-4c8a-b8d1-dac9cd0d9787_1080x.png","type":"image\/png"}],"twitter_card":"summary_large_image","twitter_misc":{"Est. reading time":"1 minute"},"schema":{"@context":"https:\/\/schema.org","@graph":[{"@type":"WebPage","@id":"https:\/\/universanimalier.com\/boutique\/haute-diggity-dog-jouet-barks-headphones\/","url":"https:\/\/universanimalier.com\/boutique\/haute-diggity-dog-jouet-barks-headphones\/","name":"Haute Diggity Dog - Jouet Barks Headphones - L&#039;univers Animalier","isPartOf":{"@id":"https:\/\/wip.universanimalier.com\/#website"},"primaryImageOfPage":{"@id":"https:\/\/universanimalier.com\/boutique\/haute-diggity-dog-jouet-barks-headphones\/#primaryimage"},"image":{"@id":"https:\/\/universanimalier.com\/boutique\/haute-diggity-dog-jouet-barks-headphones\/#primaryimage"},"thumbnailUrl":"https:\/\/universanimalier.com\/wp-content\/uploads\/2026\/03\/50e8be52-3e8d-4c8a-b8d1-dac9cd0d9787_1080x.png","datePublished":"2026-03-25T21:23:03+00:00","dateModified":"2026-04-15T19:42:55+00:00","description":"Haute Diggity Dog - Jouet parodique pour chien Redbull Dog","breadcrumb":{"@id":"https:\/\/universanimalier.com\/boutique\/haute-diggity-dog-jouet-barks-headphones\/#breadcrumb"},"inLanguage":"en-US","potentialAction":[{"@type":"ReadAction","target":["https:\/\/universanimalier.com\/boutique\/haute-diggity-dog-jouet-barks-headphones\/"]}]},{"@type":"ImageObject","inLanguage":"en-US","@id":"https:\/\/universanimalier.com\/boutique\/haute-diggity-dog-jouet-barks-headphones\/#primaryimage","url":"https:\/\/universanimalier.com\/wp-content\/uploads\/2026\/03\/50e8be52-3e8d-4c8a-b8d1-dac9cd0d9787_1080x.png","contentUrl":"https:\/\/universanimalier.com\/wp-content\/uploads\/2026\/03\/50e8be52-3e8d-4c8a-b8d1-dac9cd0d9787_1080x.png","width":1080,"height":1080},{"@type":"BreadcrumbList","@id":"https:\/\/universanimalier.com\/boutique\/haute-diggity-dog-jouet-barks-headphones\/#breadcrumb","itemListElement":[{"@type":"ListItem","position":1,"name":"Accueil","item":"https:\/\/wip.universanimalier.com\/"},{"@type":"ListItem","position":2,"name":"Boutique","item":"https:\/\/wip.universanimalier.com\/boutique\/"},{"@type":"ListItem","position":3,"name":"Haute Diggity Dog &#8211; Jouet Barks Headphones"}]},{"@type":"WebSite","@id":"https:\/\/wip.universanimalier.com\/#website","url":"https:\/\/wip.universanimalier.com\/","name":"L'univers Animalier","description":"A paradise for spoiled dogs!","publisher":{"@id":"https:\/\/wip.universanimalier.com\/#organization"},"potentialAction":[{"@type":"SearchAction","target":{"@type":"EntryPoint","urlTemplate":"https:\/\/wip.universanimalier.com\/?s={search_term_string}"},"query-input":{"@type":"PropertyValueSpecification","valueRequired":true,"valueName":"search_term_string"}}],"inLanguage":"en-US"},{"@type":"Organization","@id":"https:\/\/wip.universanimalier.com\/#organization","name":"L'univers Animalier","url":"https:\/\/wip.universanimalier.com\/","logo":{"@type":"ImageObject","inLanguage":"en-US","@id":"https:\/\/wip.universanimalier.com\/#\/schema\/logo\/image\/","url":"https:\/\/universanimalier.com\/wp-content\/uploads\/2021\/06\/logo.jpg","contentUrl":"https:\/\/universanimalier.com\/wp-content\/uploads\/2021\/06\/logo.jpg","width":800,"height":200,"caption":"L'univers Animalier"},"image":{"@id":"https:\/\/wip.universanimalier.com\/#\/schema\/logo\/image\/"},"sameAs":["https:\/\/www.facebook.com\/lunivers.animalier"]}]}},"_links":{"self":[{"href":"https:\/\/universanimalier.com\/en\/wp-json\/wp\/v2\/product\/62677"}],"collection":[{"href":"https:\/\/universanimalier.com\/en\/wp-json\/wp\/v2\/product"}],"about":[{"href":"https:\/\/universanimalier.com\/en\/wp-json\/wp\/v2\/types\/product"}],"wp:featuredmedia":[{"embeddable":true,"href":"https:\/\/universanimalier.com\/en\/wp-json\/wp\/v2\/media\/62678"}],"wp:attachment":[{"href":"https:\/\/universanimalier.com\/en\/wp-json\/wp\/v2\/media?parent=62677"}],"wp:term":[{"taxonomy":"product_brand","embeddable":true,"href":"https:\/\/universanimalier.com\/en\/wp-json\/wp\/v2\/product_brand?post=62677"},{"taxonomy":"product_cat","embeddable":true,"href":"https:\/\/universanimalier.com\/en\/wp-json\/wp\/v2\/product_cat?post=62677"},{"taxonomy":"product_tag","embeddable":true,"href":"https:\/\/universanimalier.com\/en\/wp-json\/wp\/v2\/product_tag?post=62677"}],"curies":[{"name":"wp","href":"https:\/\/api.w.org\/{rel}","templated":true}]}}