{"id":62827,"date":"2026-04-07T22:22:36","date_gmt":"2026-04-07T20:22:36","guid":{"rendered":"https:\/\/universanimalier.com\/?post_type=product&#038;p=62827"},"modified":"2026-04-07T22:25:54","modified_gmt":"2026-04-07T20:25:54","slug":"milkpepper-harnais-slings-sumatra-lin-chocolat","status":"publish","type":"product","link":"https:\/\/universanimalier.com\/en\/boutique\/milkpepper-harnais-slings-sumatra-lin-chocolat\/","title":{"rendered":"Milk&#038;Pepper &#8211; Harnais Slings Sumatra Lin Chocolat"},"content":{"rendered":"<ul>\n<li>Harnais Slings cr\u00e9\u00e9 sp\u00e9cialement pour les petits chiens et les chiens moyens<\/li>\n<li>Ext\u00e9rieur en natt\u00e9 chin\u00e9 naturel (Esprit Lin)<\/li>\n<li>Doublure en interlock taupe<\/li>\n<li>Patch lat\u00e9raux et bordage en imitation cuir marron<\/li>\n<li>Lacets en coton cir\u00e9 marron<\/li>\n<li>Bouclerie et m\u00e9daille en m\u00e9tal dor\u00e9<\/li>\n<li>Plaque \u00ab\u00a0Milk&amp;Pepper\u00a0\u00bb en m\u00e9tal dor\u00e9<\/li>\n<\/ul>\n<p>Size guide: see photos.<\/p>","protected":false},"excerpt":{"rendered":"<ul>\n<li>Harnais Slings cr\u00e9\u00e9 sp\u00e9cialement pour les petits chiens, les chiens moyens et les chats<\/li>\n<li>Ext\u00e9rieur en natt\u00e9 chin\u00e9 naturel (Esprit Lin)<\/li>\n<li>Doublure en interlock taupe<\/li>\n<li>Patch lat\u00e9raux et bordage en imitation cuir marron<\/li>\n<li>Lacets en coton cir\u00e9 marron<\/li>\n<li>Bouclerie et m\u00e9daille en m\u00e9tal dor\u00e9<\/li>\n<li>Plaque \u00ab\u00a0Milk&amp;Pepper\u00a0\u00bb en m\u00e9tal dor\u00e9<\/li>\n<\/ul>\n<p>Size guide: see photos.<\/p>","protected":false},"featured_media":62740,"template":"","meta":[],"product_brand":[],"product_cat":[5134,1144,52],"product_tag":[9324,9323,9322,3601,6373,9233,9321,617,1764,6374,995],"class_list":{"0":"post-62827","1":"product","2":"type-product","3":"status-publish","4":"has-post-thumbnail","6":"product_cat-en-balade","7":"product_cat-chats","8":"product_cat-harnais","9":"product_tag-harnais-beige-et-chocolat","10":"product_tag-harnais-en-lin","11":"product_tag-harnais-lin","12":"product_tag-harnais-milk-and-pepper","13":"product_tag-harnais-mp","14":"product_tag-harnais-slings","15":"product_tag-harnais-slings-sumatra-lin-et-chocolat","16":"product_tag-mp","17":"product_tag-milk-and-pepper","18":"product_tag-milk-and-pepper-hiver","19":"product_tag-milkandpepper","21":"first","22":"instock","23":"featured","24":"shipping-taxable","25":"purchasable","26":"product-type-variable"},"yoast_head":"<!-- This site is optimized with the Yoast SEO plugin v25.5 - https:\/\/yoast.com\/wordpress\/plugins\/seo\/ -->\n<title>Milk&amp;Pepper - Harnais Slings Sumatra Lin Chocolat - L&#039;univers Animalier<\/title>\n<meta name=\"description\" content=\"Milk&amp;Pepper - Harnais Slings Sumatra Lin et Chocolat pour chien et chat\" \/>\n<meta name=\"robots\" content=\"index, follow, max-snippet:-1, max-image-preview:large, max-video-preview:-1\" \/>\n<link rel=\"canonical\" href=\"https:\/\/universanimalier.com\/en\/boutique\/milkpepper-harnais-slings-sumatra-lin-chocolat\/\" \/>\n<meta property=\"og:locale\" content=\"en_US\" \/>\n<meta property=\"og:type\" content=\"article\" \/>\n<meta property=\"og:title\" content=\"Milk&amp;Pepper - Harnais Slings Sumatra Lin Chocolat - L&#039;univers Animalier\" \/>\n<meta property=\"og:description\" content=\"Milk&amp;Pepper - Harnais Slings Sumatra Lin et Chocolat pour chien et chat\" \/>\n<meta property=\"og:url\" content=\"https:\/\/universanimalier.com\/en\/boutique\/milkpepper-harnais-slings-sumatra-lin-chocolat\/\" \/>\n<meta property=\"og:site_name\" content=\"L&#039;univers Animalier\" \/>\n<meta property=\"article:publisher\" content=\"https:\/\/www.facebook.com\/lunivers.animalier\" \/>\n<meta property=\"article:modified_time\" content=\"2026-04-07T20:25:54+00:00\" \/>\n<meta property=\"og:image\" content=\"https:\/\/universanimalier.com\/wp-content\/uploads\/2026\/04\/MP2349-SUMATRA.jpg\" \/>\n\t<meta property=\"og:image:width\" content=\"1500\" \/>\n\t<meta property=\"og:image:height\" content=\"1500\" \/>\n\t<meta property=\"og:image:type\" content=\"image\/jpeg\" \/>\n<meta name=\"twitter:card\" content=\"summary_large_image\" \/>\n<meta name=\"twitter:label1\" content=\"Est. reading time\" \/>\n\t<meta name=\"twitter:data1\" content=\"1 minute\" \/>\n<script type=\"application\/ld+json\" class=\"yoast-schema-graph\">{\"@context\":\"https:\/\/schema.org\",\"@graph\":[{\"@type\":\"WebPage\",\"@id\":\"https:\/\/universanimalier.com\/boutique\/milkpepper-harnais-slings-sumatra-lin-chocolat\/\",\"url\":\"https:\/\/universanimalier.com\/boutique\/milkpepper-harnais-slings-sumatra-lin-chocolat\/\",\"name\":\"Milk&Pepper - Harnais Slings Sumatra Lin Chocolat - L&#039;univers Animalier\",\"isPartOf\":{\"@id\":\"https:\/\/wip.universanimalier.com\/#website\"},\"primaryImageOfPage\":{\"@id\":\"https:\/\/universanimalier.com\/boutique\/milkpepper-harnais-slings-sumatra-lin-chocolat\/#primaryimage\"},\"image\":{\"@id\":\"https:\/\/universanimalier.com\/boutique\/milkpepper-harnais-slings-sumatra-lin-chocolat\/#primaryimage\"},\"thumbnailUrl\":\"https:\/\/universanimalier.com\/wp-content\/uploads\/2026\/04\/MP2349-SUMATRA.jpg\",\"datePublished\":\"2026-04-07T20:22:36+00:00\",\"dateModified\":\"2026-04-07T20:25:54+00:00\",\"description\":\"Milk&Pepper - Harnais Slings Sumatra Lin et Chocolat pour chien et chat\",\"breadcrumb\":{\"@id\":\"https:\/\/universanimalier.com\/boutique\/milkpepper-harnais-slings-sumatra-lin-chocolat\/#breadcrumb\"},\"inLanguage\":\"en-US\",\"potentialAction\":[{\"@type\":\"ReadAction\",\"target\":[\"https:\/\/universanimalier.com\/boutique\/milkpepper-harnais-slings-sumatra-lin-chocolat\/\"]}]},{\"@type\":\"ImageObject\",\"inLanguage\":\"en-US\",\"@id\":\"https:\/\/universanimalier.com\/boutique\/milkpepper-harnais-slings-sumatra-lin-chocolat\/#primaryimage\",\"url\":\"https:\/\/universanimalier.com\/wp-content\/uploads\/2026\/04\/MP2349-SUMATRA.jpg\",\"contentUrl\":\"https:\/\/universanimalier.com\/wp-content\/uploads\/2026\/04\/MP2349-SUMATRA.jpg\",\"width\":1500,\"height\":1500},{\"@type\":\"BreadcrumbList\",\"@id\":\"https:\/\/universanimalier.com\/boutique\/milkpepper-harnais-slings-sumatra-lin-chocolat\/#breadcrumb\",\"itemListElement\":[{\"@type\":\"ListItem\",\"position\":1,\"name\":\"Accueil\",\"item\":\"https:\/\/wip.universanimalier.com\/\"},{\"@type\":\"ListItem\",\"position\":2,\"name\":\"Boutique\",\"item\":\"https:\/\/wip.universanimalier.com\/boutique\/\"},{\"@type\":\"ListItem\",\"position\":3,\"name\":\"Milk&#038;Pepper &#8211; Harnais Slings Sumatra Lin Chocolat\"}]},{\"@type\":\"WebSite\",\"@id\":\"https:\/\/wip.universanimalier.com\/#website\",\"url\":\"https:\/\/wip.universanimalier.com\/\",\"name\":\"L'univers Animalier\",\"description\":\"Le paradis des chiens g\u00e2t\u00e9s !\",\"publisher\":{\"@id\":\"https:\/\/wip.universanimalier.com\/#organization\"},\"potentialAction\":[{\"@type\":\"SearchAction\",\"target\":{\"@type\":\"EntryPoint\",\"urlTemplate\":\"https:\/\/wip.universanimalier.com\/?s={search_term_string}\"},\"query-input\":{\"@type\":\"PropertyValueSpecification\",\"valueRequired\":true,\"valueName\":\"search_term_string\"}}],\"inLanguage\":\"en-US\"},{\"@type\":\"Organization\",\"@id\":\"https:\/\/wip.universanimalier.com\/#organization\",\"name\":\"L'univers Animalier\",\"url\":\"https:\/\/wip.universanimalier.com\/\",\"logo\":{\"@type\":\"ImageObject\",\"inLanguage\":\"en-US\",\"@id\":\"https:\/\/wip.universanimalier.com\/#\/schema\/logo\/image\/\",\"url\":\"https:\/\/universanimalier.com\/wp-content\/uploads\/2021\/06\/logo.jpg\",\"contentUrl\":\"https:\/\/universanimalier.com\/wp-content\/uploads\/2021\/06\/logo.jpg\",\"width\":800,\"height\":200,\"caption\":\"L'univers Animalier\"},\"image\":{\"@id\":\"https:\/\/wip.universanimalier.com\/#\/schema\/logo\/image\/\"},\"sameAs\":[\"https:\/\/www.facebook.com\/lunivers.animalier\"]}]}<\/script>\n<!-- \/ Yoast SEO plugin. -->","yoast_head_json":{"title":"Milk&Pepper - Harnais Slings Sumatra Lin Chocolat - L&#039;univers Animalier","description":"Milk&Pepper - Harnais Slings Sumatra Lin et Chocolat pour chien et chat","robots":{"index":"index","follow":"follow","max-snippet":"max-snippet:-1","max-image-preview":"max-image-preview:large","max-video-preview":"max-video-preview:-1"},"canonical":"https:\/\/universanimalier.com\/en\/boutique\/milkpepper-harnais-slings-sumatra-lin-chocolat\/","og_locale":"en_US","og_type":"article","og_title":"Milk&Pepper - Harnais Slings Sumatra Lin Chocolat - L&#039;univers Animalier","og_description":"Milk&Pepper - Harnais Slings Sumatra Lin et Chocolat pour chien et chat","og_url":"https:\/\/universanimalier.com\/en\/boutique\/milkpepper-harnais-slings-sumatra-lin-chocolat\/","og_site_name":"L&#039;univers Animalier","article_publisher":"https:\/\/www.facebook.com\/lunivers.animalier","article_modified_time":"2026-04-07T20:25:54+00:00","og_image":[{"width":1500,"height":1500,"url":"https:\/\/universanimalier.com\/wp-content\/uploads\/2026\/04\/MP2349-SUMATRA.jpg","type":"image\/jpeg"}],"twitter_card":"summary_large_image","twitter_misc":{"Est. reading time":"1 minute"},"schema":{"@context":"https:\/\/schema.org","@graph":[{"@type":"WebPage","@id":"https:\/\/universanimalier.com\/boutique\/milkpepper-harnais-slings-sumatra-lin-chocolat\/","url":"https:\/\/universanimalier.com\/boutique\/milkpepper-harnais-slings-sumatra-lin-chocolat\/","name":"Milk&Pepper - Harnais Slings Sumatra Lin Chocolat - L&#039;univers Animalier","isPartOf":{"@id":"https:\/\/wip.universanimalier.com\/#website"},"primaryImageOfPage":{"@id":"https:\/\/universanimalier.com\/boutique\/milkpepper-harnais-slings-sumatra-lin-chocolat\/#primaryimage"},"image":{"@id":"https:\/\/universanimalier.com\/boutique\/milkpepper-harnais-slings-sumatra-lin-chocolat\/#primaryimage"},"thumbnailUrl":"https:\/\/universanimalier.com\/wp-content\/uploads\/2026\/04\/MP2349-SUMATRA.jpg","datePublished":"2026-04-07T20:22:36+00:00","dateModified":"2026-04-07T20:25:54+00:00","description":"Milk&Pepper - Harnais Slings Sumatra Lin et Chocolat pour chien et chat","breadcrumb":{"@id":"https:\/\/universanimalier.com\/boutique\/milkpepper-harnais-slings-sumatra-lin-chocolat\/#breadcrumb"},"inLanguage":"en-US","potentialAction":[{"@type":"ReadAction","target":["https:\/\/universanimalier.com\/boutique\/milkpepper-harnais-slings-sumatra-lin-chocolat\/"]}]},{"@type":"ImageObject","inLanguage":"en-US","@id":"https:\/\/universanimalier.com\/boutique\/milkpepper-harnais-slings-sumatra-lin-chocolat\/#primaryimage","url":"https:\/\/universanimalier.com\/wp-content\/uploads\/2026\/04\/MP2349-SUMATRA.jpg","contentUrl":"https:\/\/universanimalier.com\/wp-content\/uploads\/2026\/04\/MP2349-SUMATRA.jpg","width":1500,"height":1500},{"@type":"BreadcrumbList","@id":"https:\/\/universanimalier.com\/boutique\/milkpepper-harnais-slings-sumatra-lin-chocolat\/#breadcrumb","itemListElement":[{"@type":"ListItem","position":1,"name":"Accueil","item":"https:\/\/wip.universanimalier.com\/"},{"@type":"ListItem","position":2,"name":"Boutique","item":"https:\/\/wip.universanimalier.com\/boutique\/"},{"@type":"ListItem","position":3,"name":"Milk&#038;Pepper &#8211; Harnais Slings Sumatra Lin Chocolat"}]},{"@type":"WebSite","@id":"https:\/\/wip.universanimalier.com\/#website","url":"https:\/\/wip.universanimalier.com\/","name":"L'univers Animalier","description":"A paradise for spoiled dogs!","publisher":{"@id":"https:\/\/wip.universanimalier.com\/#organization"},"potentialAction":[{"@type":"SearchAction","target":{"@type":"EntryPoint","urlTemplate":"https:\/\/wip.universanimalier.com\/?s={search_term_string}"},"query-input":{"@type":"PropertyValueSpecification","valueRequired":true,"valueName":"search_term_string"}}],"inLanguage":"en-US"},{"@type":"Organization","@id":"https:\/\/wip.universanimalier.com\/#organization","name":"L'univers Animalier","url":"https:\/\/wip.universanimalier.com\/","logo":{"@type":"ImageObject","inLanguage":"en-US","@id":"https:\/\/wip.universanimalier.com\/#\/schema\/logo\/image\/","url":"https:\/\/universanimalier.com\/wp-content\/uploads\/2021\/06\/logo.jpg","contentUrl":"https:\/\/universanimalier.com\/wp-content\/uploads\/2021\/06\/logo.jpg","width":800,"height":200,"caption":"L'univers Animalier"},"image":{"@id":"https:\/\/wip.universanimalier.com\/#\/schema\/logo\/image\/"},"sameAs":["https:\/\/www.facebook.com\/lunivers.animalier"]}]}},"_links":{"self":[{"href":"https:\/\/universanimalier.com\/en\/wp-json\/wp\/v2\/product\/62827"}],"collection":[{"href":"https:\/\/universanimalier.com\/en\/wp-json\/wp\/v2\/product"}],"about":[{"href":"https:\/\/universanimalier.com\/en\/wp-json\/wp\/v2\/types\/product"}],"wp:featuredmedia":[{"embeddable":true,"href":"https:\/\/universanimalier.com\/en\/wp-json\/wp\/v2\/media\/62740"}],"wp:attachment":[{"href":"https:\/\/universanimalier.com\/en\/wp-json\/wp\/v2\/media?parent=62827"}],"wp:term":[{"taxonomy":"product_brand","embeddable":true,"href":"https:\/\/universanimalier.com\/en\/wp-json\/wp\/v2\/product_brand?post=62827"},{"taxonomy":"product_cat","embeddable":true,"href":"https:\/\/universanimalier.com\/en\/wp-json\/wp\/v2\/product_cat?post=62827"},{"taxonomy":"product_tag","embeddable":true,"href":"https:\/\/universanimalier.com\/en\/wp-json\/wp\/v2\/product_tag?post=62827"}],"curies":[{"name":"wp","href":"https:\/\/api.w.org\/{rel}","templated":true}]}}