{"id":62964,"date":"2026-04-09T21:12:05","date_gmt":"2026-04-09T19:12:05","guid":{"rendered":"https:\/\/universanimalier.com\/?post_type=product&#038;p=62964"},"modified":"2026-04-09T21:14:11","modified_gmt":"2026-04-09T19:14:11","slug":"milk-and-pepper-sac-bandouliere-mahdi-beige-et-ecru","status":"publish","type":"product","link":"https:\/\/universanimalier.com\/en\/boutique\/milk-and-pepper-sac-bandouliere-mahdi-beige-et-ecru\/","title":{"rendered":"Milk and Pepper &#8211; Sac bandouli\u00e8re Mahdi Beige et \u00e9cru"},"content":{"rendered":"<ul>\n<li>Sac\u00a0 Bandouli\u00e8re r\u00e9glable en tressage g\u00e9om\u00e9trique beige et \u00e9cru<\/li>\n<li>Doublure en interlock Ecru<\/li>\n<li>Poche c\u00f4t\u00e9 avec plaque en m\u00e9tal dor\u00e9 \u00ab Milk&amp;Pepper \u00bb<\/li>\n<li>Petite laisse en corde \u00e9crue et mousqueton dor\u00e9<\/li>\n<li>2 sizes available:\n<ul>\n<li>Petit (PT) 52x19cm<\/li>\n<li>Grand (GT) 55&#215;21,5cm<\/li>\n<\/ul>\n<\/li>\n<\/ul>","protected":false},"excerpt":{"rendered":"<ul>\n<li>Sac\u00a0 Bandouli\u00e8re r\u00e9glable en tressage g\u00e9om\u00e9trique beige et \u00e9cru<\/li>\n<li>Doublure en interlock Ecru<\/li>\n<li>Poche c\u00f4t\u00e9 avec plaque en m\u00e9tal dor\u00e9 \u00ab Milk&amp;Pepper \u00bb<\/li>\n<li>Petite laisse en corde \u00e9crue et mousqueton dor\u00e9<\/li>\n<li>2 sizes available:\n<ul>\n<li>Petit (PT) 52x19cm<\/li>\n<li>Grand (GT) 55&#215;21,5cm<\/li>\n<\/ul>\n<\/li>\n<\/ul>","protected":false},"featured_media":62884,"template":"","meta":[],"product_brand":[],"product_cat":[5134,9065,16],"product_tag":[617,116,995,816,9347,5712,6393,1034,6177],"class_list":{"0":"post-62964","1":"product","2":"type-product","3":"status-publish","4":"has-post-thumbnail","6":"product_cat-en-balade","7":"product_cat-printemps-ete-2025","8":"product_cat-sacs-de-transport","9":"product_tag-mp","10":"product_tag-milkpepper","11":"product_tag-milkandpepper","12":"product_tag-sac-bandouliere","13":"product_tag-sac-bandouliere-ethnique-mahdi-beige-et-ecru","14":"product_tag-sac-bandouliere-pour-chien","15":"product_tag-sac-milk-and-pepper","16":"product_tag-sac-ventral","17":"product_tag-sac-ventral-pour-chien","19":"first","20":"instock","21":"shipping-taxable","22":"purchasable","23":"product-type-variable"},"yoast_head":"<!-- This site is optimized with the Yoast SEO plugin v25.5 - https:\/\/yoast.com\/wordpress\/plugins\/seo\/ -->\n<title>Milk and Pepper - Sac bandouli\u00e8re Mahdi Beige et \u00e9cru - L&#039;univers Animalier<\/title>\n<meta name=\"description\" content=\"Milk and Pepper - Sac bandouli\u00e8re ethnique Mahdi Beige et \u00e9cru\" \/>\n<meta name=\"robots\" content=\"index, follow, max-snippet:-1, max-image-preview:large, max-video-preview:-1\" \/>\n<link rel=\"canonical\" href=\"https:\/\/universanimalier.com\/en\/boutique\/milk-and-pepper-sac-bandouliere-mahdi-beige-et-ecru\/\" \/>\n<meta property=\"og:locale\" content=\"en_US\" \/>\n<meta property=\"og:type\" content=\"article\" \/>\n<meta property=\"og:title\" content=\"Milk and Pepper - Sac bandouli\u00e8re Mahdi Beige et \u00e9cru - L&#039;univers Animalier\" \/>\n<meta property=\"og:description\" content=\"Milk and Pepper - Sac bandouli\u00e8re ethnique Mahdi Beige et \u00e9cru\" \/>\n<meta property=\"og:url\" content=\"https:\/\/universanimalier.com\/en\/boutique\/milk-and-pepper-sac-bandouliere-mahdi-beige-et-ecru\/\" \/>\n<meta property=\"og:site_name\" content=\"L&#039;univers Animalier\" \/>\n<meta property=\"article:publisher\" content=\"https:\/\/www.facebook.com\/lunivers.animalier\" \/>\n<meta property=\"article:modified_time\" content=\"2026-04-09T19:14:11+00:00\" \/>\n<meta property=\"og:image\" content=\"https:\/\/universanimalier.com\/wp-content\/uploads\/2026\/04\/MP3120-MAHDI-Beige.jpg\" \/>\n\t<meta property=\"og:image:width\" content=\"2000\" \/>\n\t<meta property=\"og:image:height\" content=\"2000\" \/>\n\t<meta property=\"og:image:type\" content=\"image\/jpeg\" \/>\n<meta name=\"twitter:card\" content=\"summary_large_image\" \/>\n<meta name=\"twitter:label1\" content=\"Est. reading time\" \/>\n\t<meta name=\"twitter:data1\" content=\"1 minute\" \/>\n<script type=\"application\/ld+json\" class=\"yoast-schema-graph\">{\"@context\":\"https:\/\/schema.org\",\"@graph\":[{\"@type\":\"WebPage\",\"@id\":\"https:\/\/universanimalier.com\/boutique\/milk-and-pepper-sac-bandouliere-mahdi-beige-et-ecru\/\",\"url\":\"https:\/\/universanimalier.com\/boutique\/milk-and-pepper-sac-bandouliere-mahdi-beige-et-ecru\/\",\"name\":\"Milk and Pepper - Sac bandouli\u00e8re Mahdi Beige et \u00e9cru - L&#039;univers Animalier\",\"isPartOf\":{\"@id\":\"https:\/\/wip.universanimalier.com\/#website\"},\"primaryImageOfPage\":{\"@id\":\"https:\/\/universanimalier.com\/boutique\/milk-and-pepper-sac-bandouliere-mahdi-beige-et-ecru\/#primaryimage\"},\"image\":{\"@id\":\"https:\/\/universanimalier.com\/boutique\/milk-and-pepper-sac-bandouliere-mahdi-beige-et-ecru\/#primaryimage\"},\"thumbnailUrl\":\"https:\/\/universanimalier.com\/wp-content\/uploads\/2026\/04\/MP3120-MAHDI-Beige.jpg\",\"datePublished\":\"2026-04-09T19:12:05+00:00\",\"dateModified\":\"2026-04-09T19:14:11+00:00\",\"description\":\"Milk and Pepper - Sac bandouli\u00e8re ethnique Mahdi Beige et \u00e9cru\",\"breadcrumb\":{\"@id\":\"https:\/\/universanimalier.com\/boutique\/milk-and-pepper-sac-bandouliere-mahdi-beige-et-ecru\/#breadcrumb\"},\"inLanguage\":\"en-US\",\"potentialAction\":[{\"@type\":\"ReadAction\",\"target\":[\"https:\/\/universanimalier.com\/boutique\/milk-and-pepper-sac-bandouliere-mahdi-beige-et-ecru\/\"]}]},{\"@type\":\"ImageObject\",\"inLanguage\":\"en-US\",\"@id\":\"https:\/\/universanimalier.com\/boutique\/milk-and-pepper-sac-bandouliere-mahdi-beige-et-ecru\/#primaryimage\",\"url\":\"https:\/\/universanimalier.com\/wp-content\/uploads\/2026\/04\/MP3120-MAHDI-Beige.jpg\",\"contentUrl\":\"https:\/\/universanimalier.com\/wp-content\/uploads\/2026\/04\/MP3120-MAHDI-Beige.jpg\",\"width\":2000,\"height\":2000},{\"@type\":\"BreadcrumbList\",\"@id\":\"https:\/\/universanimalier.com\/boutique\/milk-and-pepper-sac-bandouliere-mahdi-beige-et-ecru\/#breadcrumb\",\"itemListElement\":[{\"@type\":\"ListItem\",\"position\":1,\"name\":\"Accueil\",\"item\":\"https:\/\/wip.universanimalier.com\/\"},{\"@type\":\"ListItem\",\"position\":2,\"name\":\"Boutique\",\"item\":\"https:\/\/wip.universanimalier.com\/boutique\/\"},{\"@type\":\"ListItem\",\"position\":3,\"name\":\"Milk and Pepper &#8211; Sac bandouli\u00e8re Mahdi Beige et \u00e9cru\"}]},{\"@type\":\"WebSite\",\"@id\":\"https:\/\/wip.universanimalier.com\/#website\",\"url\":\"https:\/\/wip.universanimalier.com\/\",\"name\":\"L'univers Animalier\",\"description\":\"Le paradis des chiens g\u00e2t\u00e9s !\",\"publisher\":{\"@id\":\"https:\/\/wip.universanimalier.com\/#organization\"},\"potentialAction\":[{\"@type\":\"SearchAction\",\"target\":{\"@type\":\"EntryPoint\",\"urlTemplate\":\"https:\/\/wip.universanimalier.com\/?s={search_term_string}\"},\"query-input\":{\"@type\":\"PropertyValueSpecification\",\"valueRequired\":true,\"valueName\":\"search_term_string\"}}],\"inLanguage\":\"en-US\"},{\"@type\":\"Organization\",\"@id\":\"https:\/\/wip.universanimalier.com\/#organization\",\"name\":\"L'univers Animalier\",\"url\":\"https:\/\/wip.universanimalier.com\/\",\"logo\":{\"@type\":\"ImageObject\",\"inLanguage\":\"en-US\",\"@id\":\"https:\/\/wip.universanimalier.com\/#\/schema\/logo\/image\/\",\"url\":\"https:\/\/universanimalier.com\/wp-content\/uploads\/2021\/06\/logo.jpg\",\"contentUrl\":\"https:\/\/universanimalier.com\/wp-content\/uploads\/2021\/06\/logo.jpg\",\"width\":800,\"height\":200,\"caption\":\"L'univers Animalier\"},\"image\":{\"@id\":\"https:\/\/wip.universanimalier.com\/#\/schema\/logo\/image\/\"},\"sameAs\":[\"https:\/\/www.facebook.com\/lunivers.animalier\"]}]}<\/script>\n<!-- \/ Yoast SEO plugin. -->","yoast_head_json":{"title":"Milk and Pepper - Sac bandouli\u00e8re Mahdi Beige et \u00e9cru - L&#039;univers Animalier","description":"Milk and Pepper - Sac bandouli\u00e8re ethnique Mahdi Beige et \u00e9cru","robots":{"index":"index","follow":"follow","max-snippet":"max-snippet:-1","max-image-preview":"max-image-preview:large","max-video-preview":"max-video-preview:-1"},"canonical":"https:\/\/universanimalier.com\/en\/boutique\/milk-and-pepper-sac-bandouliere-mahdi-beige-et-ecru\/","og_locale":"en_US","og_type":"article","og_title":"Milk and Pepper - Sac bandouli\u00e8re Mahdi Beige et \u00e9cru - L&#039;univers Animalier","og_description":"Milk and Pepper - Sac bandouli\u00e8re ethnique Mahdi Beige et \u00e9cru","og_url":"https:\/\/universanimalier.com\/en\/boutique\/milk-and-pepper-sac-bandouliere-mahdi-beige-et-ecru\/","og_site_name":"L&#039;univers Animalier","article_publisher":"https:\/\/www.facebook.com\/lunivers.animalier","article_modified_time":"2026-04-09T19:14:11+00:00","og_image":[{"width":2000,"height":2000,"url":"https:\/\/universanimalier.com\/wp-content\/uploads\/2026\/04\/MP3120-MAHDI-Beige.jpg","type":"image\/jpeg"}],"twitter_card":"summary_large_image","twitter_misc":{"Est. reading time":"1 minute"},"schema":{"@context":"https:\/\/schema.org","@graph":[{"@type":"WebPage","@id":"https:\/\/universanimalier.com\/boutique\/milk-and-pepper-sac-bandouliere-mahdi-beige-et-ecru\/","url":"https:\/\/universanimalier.com\/boutique\/milk-and-pepper-sac-bandouliere-mahdi-beige-et-ecru\/","name":"Milk and Pepper - Sac bandouli\u00e8re Mahdi Beige et \u00e9cru - L&#039;univers Animalier","isPartOf":{"@id":"https:\/\/wip.universanimalier.com\/#website"},"primaryImageOfPage":{"@id":"https:\/\/universanimalier.com\/boutique\/milk-and-pepper-sac-bandouliere-mahdi-beige-et-ecru\/#primaryimage"},"image":{"@id":"https:\/\/universanimalier.com\/boutique\/milk-and-pepper-sac-bandouliere-mahdi-beige-et-ecru\/#primaryimage"},"thumbnailUrl":"https:\/\/universanimalier.com\/wp-content\/uploads\/2026\/04\/MP3120-MAHDI-Beige.jpg","datePublished":"2026-04-09T19:12:05+00:00","dateModified":"2026-04-09T19:14:11+00:00","description":"Milk and Pepper - Sac bandouli\u00e8re ethnique Mahdi Beige et \u00e9cru","breadcrumb":{"@id":"https:\/\/universanimalier.com\/boutique\/milk-and-pepper-sac-bandouliere-mahdi-beige-et-ecru\/#breadcrumb"},"inLanguage":"en-US","potentialAction":[{"@type":"ReadAction","target":["https:\/\/universanimalier.com\/boutique\/milk-and-pepper-sac-bandouliere-mahdi-beige-et-ecru\/"]}]},{"@type":"ImageObject","inLanguage":"en-US","@id":"https:\/\/universanimalier.com\/boutique\/milk-and-pepper-sac-bandouliere-mahdi-beige-et-ecru\/#primaryimage","url":"https:\/\/universanimalier.com\/wp-content\/uploads\/2026\/04\/MP3120-MAHDI-Beige.jpg","contentUrl":"https:\/\/universanimalier.com\/wp-content\/uploads\/2026\/04\/MP3120-MAHDI-Beige.jpg","width":2000,"height":2000},{"@type":"BreadcrumbList","@id":"https:\/\/universanimalier.com\/boutique\/milk-and-pepper-sac-bandouliere-mahdi-beige-et-ecru\/#breadcrumb","itemListElement":[{"@type":"ListItem","position":1,"name":"Accueil","item":"https:\/\/wip.universanimalier.com\/"},{"@type":"ListItem","position":2,"name":"Boutique","item":"https:\/\/wip.universanimalier.com\/boutique\/"},{"@type":"ListItem","position":3,"name":"Milk and Pepper &#8211; Sac bandouli\u00e8re Mahdi Beige et \u00e9cru"}]},{"@type":"WebSite","@id":"https:\/\/wip.universanimalier.com\/#website","url":"https:\/\/wip.universanimalier.com\/","name":"L'univers Animalier","description":"A paradise for spoiled dogs!","publisher":{"@id":"https:\/\/wip.universanimalier.com\/#organization"},"potentialAction":[{"@type":"SearchAction","target":{"@type":"EntryPoint","urlTemplate":"https:\/\/wip.universanimalier.com\/?s={search_term_string}"},"query-input":{"@type":"PropertyValueSpecification","valueRequired":true,"valueName":"search_term_string"}}],"inLanguage":"en-US"},{"@type":"Organization","@id":"https:\/\/wip.universanimalier.com\/#organization","name":"L'univers Animalier","url":"https:\/\/wip.universanimalier.com\/","logo":{"@type":"ImageObject","inLanguage":"en-US","@id":"https:\/\/wip.universanimalier.com\/#\/schema\/logo\/image\/","url":"https:\/\/universanimalier.com\/wp-content\/uploads\/2021\/06\/logo.jpg","contentUrl":"https:\/\/universanimalier.com\/wp-content\/uploads\/2021\/06\/logo.jpg","width":800,"height":200,"caption":"L'univers Animalier"},"image":{"@id":"https:\/\/wip.universanimalier.com\/#\/schema\/logo\/image\/"},"sameAs":["https:\/\/www.facebook.com\/lunivers.animalier"]}]}},"_links":{"self":[{"href":"https:\/\/universanimalier.com\/en\/wp-json\/wp\/v2\/product\/62964"}],"collection":[{"href":"https:\/\/universanimalier.com\/en\/wp-json\/wp\/v2\/product"}],"about":[{"href":"https:\/\/universanimalier.com\/en\/wp-json\/wp\/v2\/types\/product"}],"wp:featuredmedia":[{"embeddable":true,"href":"https:\/\/universanimalier.com\/en\/wp-json\/wp\/v2\/media\/62884"}],"wp:attachment":[{"href":"https:\/\/universanimalier.com\/en\/wp-json\/wp\/v2\/media?parent=62964"}],"wp:term":[{"taxonomy":"product_brand","embeddable":true,"href":"https:\/\/universanimalier.com\/en\/wp-json\/wp\/v2\/product_brand?post=62964"},{"taxonomy":"product_cat","embeddable":true,"href":"https:\/\/universanimalier.com\/en\/wp-json\/wp\/v2\/product_cat?post=62964"},{"taxonomy":"product_tag","embeddable":true,"href":"https:\/\/universanimalier.com\/en\/wp-json\/wp\/v2\/product_tag?post=62964"}],"curies":[{"name":"wp","href":"https:\/\/api.w.org\/{rel}","templated":true}]}}