{"id":63260,"date":"2026-04-16T21:40:24","date_gmt":"2026-04-16T19:40:24","guid":{"rendered":"https:\/\/universanimalier.com\/?post_type=product&#038;p=63260"},"modified":"2026-04-16T21:43:58","modified_gmt":"2026-04-16T19:43:58","slug":"for-pets-only-tapis-de-voyage-topomio-golden-monogram","status":"publish","type":"product","link":"https:\/\/universanimalier.com\/en\/boutique\/for-pets-only-tapis-de-voyage-topomio-golden-monogram\/","title":{"rendered":"For Pets Only &#8211; Tapis de voyage Topomio Golden Monogram"},"content":{"rendered":"<div>\n<div>\n<div>Un accessoire exclusif con\u00e7u pour offrir un confort optimal \u00e0 votre petit chien. Fabriqu\u00e9 dans une mati\u00e8re ultra-l\u00e9g\u00e8re et lavable, il se glisse parfaitement dans les sacs d&rsquo;\u00e9t\u00e9 pour une touche de douceur suppl\u00e9mentaire ou peut \u00eatre port\u00e9 seul gr\u00e2ce \u00e0 ses \u00e9l\u00e9gantes poign\u00e9es int\u00e9gr\u00e9es (d\u00e9tail purement d\u00e9coratif, les poign\u00e9es ne sont pas con\u00e7ues pour soulever le chien ni pour servir de sac).<\/div>\n<div><\/div>\n<div>Raffin\u00e9, pratique et polyvalent, il accompagne toutes vos sorties avec style sans compromettre la fonctionnalit\u00e9.<\/div>\n<div><\/div>\n<div>L&rsquo;accessoire incontournable, indispensable au restaurant comme en vacances.<\/div>\n<\/div>\n<\/div>\n<ul>\n<li>100 % fabriqu\u00e9 en Italie<\/li>\n<li>Sizes:\n<ul>\n<li>Taille S : 70 x 38 cm<\/li>\n<li>Taille M : 76,5 x 45 cm<\/li>\n<\/ul>\n<\/li>\n<\/ul>","protected":false},"excerpt":{"rendered":"<div>\n<div>\n<div>Un accessoire exclusif con\u00e7u pour offrir un confort optimal \u00e0 votre petit chien. Fabriqu\u00e9 dans une mati\u00e8re ultra-l\u00e9g\u00e8re et lavable, il se glisse parfaitement dans les sacs d&rsquo;\u00e9t\u00e9 pour une touche de douceur suppl\u00e9mentaire ou peut \u00eatre port\u00e9 seul gr\u00e2ce \u00e0 ses \u00e9l\u00e9gantes poign\u00e9es int\u00e9gr\u00e9es (d\u00e9tail purement d\u00e9coratif, les poign\u00e9es ne sont pas con\u00e7ues pour soulever le chien ni pour servir de sac).<\/div>\n<div><\/div>\n<div>Raffin\u00e9, pratique et polyvalent, il accompagne toutes vos sorties avec style sans compromettre la fonctionnalit\u00e9.<\/div>\n<div><\/div>\n<div>L&rsquo;accessoire incontournable, indispensable au restaurant comme en vacances.<\/div>\n<\/div>\n<\/div>\n<ul>\n<li>100 % fabriqu\u00e9 en Italie<\/li>\n<li>Sizes:\n<ul>\n<li>Taille S : 70 x 38 cm<\/li>\n<li>Taille M : 76,5 x 45 cm<\/li>\n<\/ul>\n<\/li>\n<\/ul>","protected":false},"featured_media":63244,"template":"","meta":[],"product_brand":[],"product_cat":[5134,9371,3975,24,16],"product_tag":[9278,12,140,6288,6117,9413,9279,9280,9412,9417,3724],"class_list":{"0":"post-63260","1":"product","2":"type-product","3":"status-publish","4":"has-post-thumbnail","6":"product_cat-en-balade","7":"product_cat-printemps-ete-2026","8":"product_cat-tapis","9":"product_cat-a-la-maison","10":"product_cat-sacs-de-transport","11":"product_tag-baby-warmer","12":"product_tag-for-pets-only","13":"product_tag-fpo","14":"product_tag-sac-camel-pour-chien","15":"product_tag-sac-dete-pour-chien","16":"product_tag-sac-en-maille-pour-chien","17":"product_tag-sac-mocha-mousse","18":"product_tag-sac-sleeping-beauty-mocha-mousse","19":"product_tag-sac-topomio-summer-golden-monogram","20":"product_tag-tapis-de-voyage-topomio-golden-monogram","21":"product_tag-tunnel-pour-chien","23":"first","24":"instock","25":"shipping-taxable","26":"purchasable","27":"product-type-variable"},"yoast_head":"<!-- This site is optimized with the Yoast SEO plugin v25.5 - https:\/\/yoast.com\/wordpress\/plugins\/seo\/ -->\n<title>For Pets Only - Tapis de voyage Topomio Golden Monogram - L&#039;univers Animalier<\/title>\n<meta name=\"description\" content=\"For Pets Only - Tapis de voyage Topomio Golden Monogram\" \/>\n<meta name=\"robots\" content=\"index, follow, max-snippet:-1, max-image-preview:large, max-video-preview:-1\" \/>\n<link rel=\"canonical\" href=\"https:\/\/universanimalier.com\/en\/boutique\/for-pets-only-tapis-de-voyage-topomio-golden-monogram\/\" \/>\n<meta property=\"og:locale\" content=\"en_US\" \/>\n<meta property=\"og:type\" content=\"article\" \/>\n<meta property=\"og:title\" content=\"For Pets Only - Tapis de voyage Topomio Golden Monogram - L&#039;univers Animalier\" \/>\n<meta property=\"og:description\" content=\"For Pets Only - Tapis de voyage Topomio Golden Monogram\" \/>\n<meta property=\"og:url\" content=\"https:\/\/universanimalier.com\/en\/boutique\/for-pets-only-tapis-de-voyage-topomio-golden-monogram\/\" \/>\n<meta property=\"og:site_name\" content=\"L&#039;univers Animalier\" \/>\n<meta property=\"article:publisher\" content=\"https:\/\/www.facebook.com\/lunivers.animalier\" \/>\n<meta property=\"article:modified_time\" content=\"2026-04-16T19:43:58+00:00\" \/>\n<meta property=\"og:image\" content=\"https:\/\/universanimalier.com\/wp-content\/uploads\/2026\/04\/IMG_2985.png\" \/>\n\t<meta property=\"og:image:width\" content=\"800\" \/>\n\t<meta property=\"og:image:height\" content=\"843\" \/>\n\t<meta property=\"og:image:type\" content=\"image\/png\" \/>\n<meta name=\"twitter:card\" content=\"summary_large_image\" \/>\n<meta name=\"twitter:label1\" content=\"Est. reading time\" \/>\n\t<meta name=\"twitter:data1\" content=\"1 minute\" \/>\n<script type=\"application\/ld+json\" class=\"yoast-schema-graph\">{\"@context\":\"https:\/\/schema.org\",\"@graph\":[{\"@type\":\"WebPage\",\"@id\":\"https:\/\/universanimalier.com\/boutique\/for-pets-only-tapis-de-voyage-topomio-golden-monogram\/\",\"url\":\"https:\/\/universanimalier.com\/boutique\/for-pets-only-tapis-de-voyage-topomio-golden-monogram\/\",\"name\":\"For Pets Only - Tapis de voyage Topomio Golden Monogram - L&#039;univers Animalier\",\"isPartOf\":{\"@id\":\"https:\/\/wip.universanimalier.com\/#website\"},\"primaryImageOfPage\":{\"@id\":\"https:\/\/universanimalier.com\/boutique\/for-pets-only-tapis-de-voyage-topomio-golden-monogram\/#primaryimage\"},\"image\":{\"@id\":\"https:\/\/universanimalier.com\/boutique\/for-pets-only-tapis-de-voyage-topomio-golden-monogram\/#primaryimage\"},\"thumbnailUrl\":\"https:\/\/universanimalier.com\/wp-content\/uploads\/2026\/04\/IMG_2985.png\",\"datePublished\":\"2026-04-16T19:40:24+00:00\",\"dateModified\":\"2026-04-16T19:43:58+00:00\",\"description\":\"For Pets Only - Tapis de voyage Topomio Golden Monogram\",\"breadcrumb\":{\"@id\":\"https:\/\/universanimalier.com\/boutique\/for-pets-only-tapis-de-voyage-topomio-golden-monogram\/#breadcrumb\"},\"inLanguage\":\"en-US\",\"potentialAction\":[{\"@type\":\"ReadAction\",\"target\":[\"https:\/\/universanimalier.com\/boutique\/for-pets-only-tapis-de-voyage-topomio-golden-monogram\/\"]}]},{\"@type\":\"ImageObject\",\"inLanguage\":\"en-US\",\"@id\":\"https:\/\/universanimalier.com\/boutique\/for-pets-only-tapis-de-voyage-topomio-golden-monogram\/#primaryimage\",\"url\":\"https:\/\/universanimalier.com\/wp-content\/uploads\/2026\/04\/IMG_2985.png\",\"contentUrl\":\"https:\/\/universanimalier.com\/wp-content\/uploads\/2026\/04\/IMG_2985.png\",\"width\":800,\"height\":843},{\"@type\":\"BreadcrumbList\",\"@id\":\"https:\/\/universanimalier.com\/boutique\/for-pets-only-tapis-de-voyage-topomio-golden-monogram\/#breadcrumb\",\"itemListElement\":[{\"@type\":\"ListItem\",\"position\":1,\"name\":\"Accueil\",\"item\":\"https:\/\/wip.universanimalier.com\/\"},{\"@type\":\"ListItem\",\"position\":2,\"name\":\"Boutique\",\"item\":\"https:\/\/wip.universanimalier.com\/boutique\/\"},{\"@type\":\"ListItem\",\"position\":3,\"name\":\"For Pets Only &#8211; Tapis de voyage Topomio Golden Monogram\"}]},{\"@type\":\"WebSite\",\"@id\":\"https:\/\/wip.universanimalier.com\/#website\",\"url\":\"https:\/\/wip.universanimalier.com\/\",\"name\":\"L'univers Animalier\",\"description\":\"Le paradis des chiens g\u00e2t\u00e9s !\",\"publisher\":{\"@id\":\"https:\/\/wip.universanimalier.com\/#organization\"},\"potentialAction\":[{\"@type\":\"SearchAction\",\"target\":{\"@type\":\"EntryPoint\",\"urlTemplate\":\"https:\/\/wip.universanimalier.com\/?s={search_term_string}\"},\"query-input\":{\"@type\":\"PropertyValueSpecification\",\"valueRequired\":true,\"valueName\":\"search_term_string\"}}],\"inLanguage\":\"en-US\"},{\"@type\":\"Organization\",\"@id\":\"https:\/\/wip.universanimalier.com\/#organization\",\"name\":\"L'univers Animalier\",\"url\":\"https:\/\/wip.universanimalier.com\/\",\"logo\":{\"@type\":\"ImageObject\",\"inLanguage\":\"en-US\",\"@id\":\"https:\/\/wip.universanimalier.com\/#\/schema\/logo\/image\/\",\"url\":\"https:\/\/universanimalier.com\/wp-content\/uploads\/2021\/06\/logo.jpg\",\"contentUrl\":\"https:\/\/universanimalier.com\/wp-content\/uploads\/2021\/06\/logo.jpg\",\"width\":800,\"height\":200,\"caption\":\"L'univers Animalier\"},\"image\":{\"@id\":\"https:\/\/wip.universanimalier.com\/#\/schema\/logo\/image\/\"},\"sameAs\":[\"https:\/\/www.facebook.com\/lunivers.animalier\"]}]}<\/script>\n<!-- \/ Yoast SEO plugin. -->","yoast_head_json":{"title":"For Pets Only - Tapis de voyage Topomio Golden Monogram - L&#039;univers Animalier","description":"For Pets Only - Tapis de voyage Topomio Golden Monogram","robots":{"index":"index","follow":"follow","max-snippet":"max-snippet:-1","max-image-preview":"max-image-preview:large","max-video-preview":"max-video-preview:-1"},"canonical":"https:\/\/universanimalier.com\/en\/boutique\/for-pets-only-tapis-de-voyage-topomio-golden-monogram\/","og_locale":"en_US","og_type":"article","og_title":"For Pets Only - Tapis de voyage Topomio Golden Monogram - L&#039;univers Animalier","og_description":"For Pets Only - Tapis de voyage Topomio Golden Monogram","og_url":"https:\/\/universanimalier.com\/en\/boutique\/for-pets-only-tapis-de-voyage-topomio-golden-monogram\/","og_site_name":"L&#039;univers Animalier","article_publisher":"https:\/\/www.facebook.com\/lunivers.animalier","article_modified_time":"2026-04-16T19:43:58+00:00","og_image":[{"width":800,"height":843,"url":"https:\/\/universanimalier.com\/wp-content\/uploads\/2026\/04\/IMG_2985.png","type":"image\/png"}],"twitter_card":"summary_large_image","twitter_misc":{"Est. reading time":"1 minute"},"schema":{"@context":"https:\/\/schema.org","@graph":[{"@type":"WebPage","@id":"https:\/\/universanimalier.com\/boutique\/for-pets-only-tapis-de-voyage-topomio-golden-monogram\/","url":"https:\/\/universanimalier.com\/boutique\/for-pets-only-tapis-de-voyage-topomio-golden-monogram\/","name":"For Pets Only - Tapis de voyage Topomio Golden Monogram - L&#039;univers Animalier","isPartOf":{"@id":"https:\/\/wip.universanimalier.com\/#website"},"primaryImageOfPage":{"@id":"https:\/\/universanimalier.com\/boutique\/for-pets-only-tapis-de-voyage-topomio-golden-monogram\/#primaryimage"},"image":{"@id":"https:\/\/universanimalier.com\/boutique\/for-pets-only-tapis-de-voyage-topomio-golden-monogram\/#primaryimage"},"thumbnailUrl":"https:\/\/universanimalier.com\/wp-content\/uploads\/2026\/04\/IMG_2985.png","datePublished":"2026-04-16T19:40:24+00:00","dateModified":"2026-04-16T19:43:58+00:00","description":"For Pets Only - Tapis de voyage Topomio Golden Monogram","breadcrumb":{"@id":"https:\/\/universanimalier.com\/boutique\/for-pets-only-tapis-de-voyage-topomio-golden-monogram\/#breadcrumb"},"inLanguage":"en-US","potentialAction":[{"@type":"ReadAction","target":["https:\/\/universanimalier.com\/boutique\/for-pets-only-tapis-de-voyage-topomio-golden-monogram\/"]}]},{"@type":"ImageObject","inLanguage":"en-US","@id":"https:\/\/universanimalier.com\/boutique\/for-pets-only-tapis-de-voyage-topomio-golden-monogram\/#primaryimage","url":"https:\/\/universanimalier.com\/wp-content\/uploads\/2026\/04\/IMG_2985.png","contentUrl":"https:\/\/universanimalier.com\/wp-content\/uploads\/2026\/04\/IMG_2985.png","width":800,"height":843},{"@type":"BreadcrumbList","@id":"https:\/\/universanimalier.com\/boutique\/for-pets-only-tapis-de-voyage-topomio-golden-monogram\/#breadcrumb","itemListElement":[{"@type":"ListItem","position":1,"name":"Accueil","item":"https:\/\/wip.universanimalier.com\/"},{"@type":"ListItem","position":2,"name":"Boutique","item":"https:\/\/wip.universanimalier.com\/boutique\/"},{"@type":"ListItem","position":3,"name":"For Pets Only &#8211; Tapis de voyage Topomio Golden Monogram"}]},{"@type":"WebSite","@id":"https:\/\/wip.universanimalier.com\/#website","url":"https:\/\/wip.universanimalier.com\/","name":"L'univers Animalier","description":"A paradise for spoiled dogs!","publisher":{"@id":"https:\/\/wip.universanimalier.com\/#organization"},"potentialAction":[{"@type":"SearchAction","target":{"@type":"EntryPoint","urlTemplate":"https:\/\/wip.universanimalier.com\/?s={search_term_string}"},"query-input":{"@type":"PropertyValueSpecification","valueRequired":true,"valueName":"search_term_string"}}],"inLanguage":"en-US"},{"@type":"Organization","@id":"https:\/\/wip.universanimalier.com\/#organization","name":"L'univers Animalier","url":"https:\/\/wip.universanimalier.com\/","logo":{"@type":"ImageObject","inLanguage":"en-US","@id":"https:\/\/wip.universanimalier.com\/#\/schema\/logo\/image\/","url":"https:\/\/universanimalier.com\/wp-content\/uploads\/2021\/06\/logo.jpg","contentUrl":"https:\/\/universanimalier.com\/wp-content\/uploads\/2021\/06\/logo.jpg","width":800,"height":200,"caption":"L'univers Animalier"},"image":{"@id":"https:\/\/wip.universanimalier.com\/#\/schema\/logo\/image\/"},"sameAs":["https:\/\/www.facebook.com\/lunivers.animalier"]}]}},"_links":{"self":[{"href":"https:\/\/universanimalier.com\/en\/wp-json\/wp\/v2\/product\/63260"}],"collection":[{"href":"https:\/\/universanimalier.com\/en\/wp-json\/wp\/v2\/product"}],"about":[{"href":"https:\/\/universanimalier.com\/en\/wp-json\/wp\/v2\/types\/product"}],"wp:featuredmedia":[{"embeddable":true,"href":"https:\/\/universanimalier.com\/en\/wp-json\/wp\/v2\/media\/63244"}],"wp:attachment":[{"href":"https:\/\/universanimalier.com\/en\/wp-json\/wp\/v2\/media?parent=63260"}],"wp:term":[{"taxonomy":"product_brand","embeddable":true,"href":"https:\/\/universanimalier.com\/en\/wp-json\/wp\/v2\/product_brand?post=63260"},{"taxonomy":"product_cat","embeddable":true,"href":"https:\/\/universanimalier.com\/en\/wp-json\/wp\/v2\/product_cat?post=63260"},{"taxonomy":"product_tag","embeddable":true,"href":"https:\/\/universanimalier.com\/en\/wp-json\/wp\/v2\/product_tag?post=63260"}],"curies":[{"name":"wp","href":"https:\/\/api.w.org\/{rel}","templated":true}]}}