{"id":63282,"date":"2026-04-17T21:41:57","date_gmt":"2026-04-17T19:41:57","guid":{"rendered":"https:\/\/universanimalier.com\/?post_type=product&#038;p=63282"},"modified":"2026-04-17T21:44:22","modified_gmt":"2026-04-17T19:44:22","slug":"for-pets-only-collier-white-pearls-lady","status":"publish","type":"product","link":"https:\/\/universanimalier.com\/en\/boutique\/for-pets-only-collier-white-pearls-lady\/","title":{"rendered":"For Pets Only &#8211; Collier White Pearls Lady"},"content":{"rendered":"<div>\n<div>Collier en cuir \u00e9cologique scintillant, enti\u00e8rement orn\u00e9 de magnifiques cristaux et de perles.<\/div>\n<div><\/div>\n<div>Chaque bijou est enti\u00e8rement r\u00e9alis\u00e9 \u00e0 la main, ce qui garantit son caract\u00e8re unique. Les variations de couleurs ne sont pas des imperfections, mais un gage de la qualit\u00e9 et de l&rsquo;authenticit\u00e9 de sa fabrication artisanale.<\/div>\n<\/div>\n<ul>\n<li class=\"tw-data-text tw-text-large tw-ta\" dir=\"ltr\" data-placeholder=\"Traduction\">soft and supple eco-leather<\/li>\n<li>nickel free<\/li>\n<li>100% made in Italy<\/li>\n<li>Available in 25, 30 and 35 cm<\/li>\n<\/ul>","protected":false},"excerpt":{"rendered":"<div>\n<div>Collier en cuir \u00e9cologique scintillant, enti\u00e8rement orn\u00e9 de magnifiques cristaux et de perles.<\/div>\n<div><\/div>\n<div>Chaque bijou est enti\u00e8rement r\u00e9alis\u00e9 \u00e0 la main, ce qui garantit son caract\u00e8re unique. Les variations de couleurs ne sont pas des imperfections, mais un gage de la qualit\u00e9 et de l&rsquo;authenticit\u00e9 de sa fabrication artisanale.<\/div>\n<\/div>\n<ul>\n<li class=\"tw-data-text tw-text-large tw-ta\" dir=\"ltr\" data-placeholder=\"Traduction\">soft and supple eco-leather<\/li>\n<li>nickel free<\/li>\n<li>100% made in Italy<\/li>\n<li>Available in 25, 30 and 35 cm<\/li>\n<\/ul>","protected":false},"featured_media":63198,"template":"","meta":[],"product_brand":[],"product_cat":[5134,9371,23],"product_tag":[7090,2006,2549,9165,9432,9433,12,140,7799],"class_list":{"0":"post-63282","1":"product","2":"type-product","3":"status-publish","4":"has-post-thumbnail","6":"product_cat-en-balade","7":"product_cat-printemps-ete-2026","8":"product_cat-colliers","9":"product_tag-charm-topomio","10":"product_tag-collier-blanc","11":"product_tag-collier-fpo","12":"product_tag-collier-liberty","13":"product_tag-collier-topomio-love-love","14":"product_tag-collier-white-pearls-lady","15":"product_tag-for-pets-only","16":"product_tag-fpo","17":"product_tag-lovely-paw","19":"first","20":"instock","21":"shipping-taxable","22":"purchasable","23":"product-type-variable"},"yoast_head":"<!-- This site is optimized with the Yoast SEO plugin v25.5 - https:\/\/yoast.com\/wordpress\/plugins\/seo\/ -->\n<title>For Pets Only - Collier White Pearls Lady - L&#039;univers Animalier<\/title>\n<meta name=\"description\" content=\"For Pets Only - Collier White Pearls Lady\" \/>\n<meta name=\"robots\" content=\"index, follow, max-snippet:-1, max-image-preview:large, max-video-preview:-1\" \/>\n<link rel=\"canonical\" href=\"https:\/\/universanimalier.com\/en\/boutique\/for-pets-only-collier-white-pearls-lady\/\" \/>\n<meta property=\"og:locale\" content=\"en_US\" \/>\n<meta property=\"og:type\" content=\"article\" \/>\n<meta property=\"og:title\" content=\"For Pets Only - Collier White Pearls Lady - L&#039;univers Animalier\" \/>\n<meta property=\"og:description\" content=\"For Pets Only - Collier White Pearls Lady\" \/>\n<meta property=\"og:url\" content=\"https:\/\/universanimalier.com\/en\/boutique\/for-pets-only-collier-white-pearls-lady\/\" \/>\n<meta property=\"og:site_name\" content=\"L&#039;univers Animalier\" \/>\n<meta property=\"article:publisher\" content=\"https:\/\/www.facebook.com\/lunivers.animalier\" \/>\n<meta property=\"article:modified_time\" content=\"2026-04-17T19:44:22+00:00\" \/>\n<meta property=\"og:image\" content=\"https:\/\/universanimalier.com\/wp-content\/uploads\/2026\/04\/IMG_3032.png\" \/>\n\t<meta property=\"og:image:width\" content=\"800\" \/>\n\t<meta property=\"og:image:height\" content=\"843\" \/>\n\t<meta property=\"og:image:type\" content=\"image\/png\" \/>\n<meta name=\"twitter:card\" content=\"summary_large_image\" \/>\n<meta name=\"twitter:label1\" content=\"Est. reading time\" \/>\n\t<meta name=\"twitter:data1\" content=\"1 minute\" \/>\n<script type=\"application\/ld+json\" class=\"yoast-schema-graph\">{\"@context\":\"https:\/\/schema.org\",\"@graph\":[{\"@type\":\"WebPage\",\"@id\":\"https:\/\/universanimalier.com\/boutique\/for-pets-only-collier-white-pearls-lady\/\",\"url\":\"https:\/\/universanimalier.com\/boutique\/for-pets-only-collier-white-pearls-lady\/\",\"name\":\"For Pets Only - Collier White Pearls Lady - L&#039;univers Animalier\",\"isPartOf\":{\"@id\":\"https:\/\/wip.universanimalier.com\/#website\"},\"primaryImageOfPage\":{\"@id\":\"https:\/\/universanimalier.com\/boutique\/for-pets-only-collier-white-pearls-lady\/#primaryimage\"},\"image\":{\"@id\":\"https:\/\/universanimalier.com\/boutique\/for-pets-only-collier-white-pearls-lady\/#primaryimage\"},\"thumbnailUrl\":\"https:\/\/universanimalier.com\/wp-content\/uploads\/2026\/04\/IMG_3032.png\",\"datePublished\":\"2026-04-17T19:41:57+00:00\",\"dateModified\":\"2026-04-17T19:44:22+00:00\",\"description\":\"For Pets Only - Collier White Pearls Lady\",\"breadcrumb\":{\"@id\":\"https:\/\/universanimalier.com\/boutique\/for-pets-only-collier-white-pearls-lady\/#breadcrumb\"},\"inLanguage\":\"en-US\",\"potentialAction\":[{\"@type\":\"ReadAction\",\"target\":[\"https:\/\/universanimalier.com\/boutique\/for-pets-only-collier-white-pearls-lady\/\"]}]},{\"@type\":\"ImageObject\",\"inLanguage\":\"en-US\",\"@id\":\"https:\/\/universanimalier.com\/boutique\/for-pets-only-collier-white-pearls-lady\/#primaryimage\",\"url\":\"https:\/\/universanimalier.com\/wp-content\/uploads\/2026\/04\/IMG_3032.png\",\"contentUrl\":\"https:\/\/universanimalier.com\/wp-content\/uploads\/2026\/04\/IMG_3032.png\",\"width\":800,\"height\":843},{\"@type\":\"BreadcrumbList\",\"@id\":\"https:\/\/universanimalier.com\/boutique\/for-pets-only-collier-white-pearls-lady\/#breadcrumb\",\"itemListElement\":[{\"@type\":\"ListItem\",\"position\":1,\"name\":\"Accueil\",\"item\":\"https:\/\/wip.universanimalier.com\/\"},{\"@type\":\"ListItem\",\"position\":2,\"name\":\"Boutique\",\"item\":\"https:\/\/wip.universanimalier.com\/boutique\/\"},{\"@type\":\"ListItem\",\"position\":3,\"name\":\"For Pets Only &#8211; Collier White Pearls Lady\"}]},{\"@type\":\"WebSite\",\"@id\":\"https:\/\/wip.universanimalier.com\/#website\",\"url\":\"https:\/\/wip.universanimalier.com\/\",\"name\":\"L'univers Animalier\",\"description\":\"Le paradis des chiens g\u00e2t\u00e9s !\",\"publisher\":{\"@id\":\"https:\/\/wip.universanimalier.com\/#organization\"},\"potentialAction\":[{\"@type\":\"SearchAction\",\"target\":{\"@type\":\"EntryPoint\",\"urlTemplate\":\"https:\/\/wip.universanimalier.com\/?s={search_term_string}\"},\"query-input\":{\"@type\":\"PropertyValueSpecification\",\"valueRequired\":true,\"valueName\":\"search_term_string\"}}],\"inLanguage\":\"en-US\"},{\"@type\":\"Organization\",\"@id\":\"https:\/\/wip.universanimalier.com\/#organization\",\"name\":\"L'univers Animalier\",\"url\":\"https:\/\/wip.universanimalier.com\/\",\"logo\":{\"@type\":\"ImageObject\",\"inLanguage\":\"en-US\",\"@id\":\"https:\/\/wip.universanimalier.com\/#\/schema\/logo\/image\/\",\"url\":\"https:\/\/universanimalier.com\/wp-content\/uploads\/2021\/06\/logo.jpg\",\"contentUrl\":\"https:\/\/universanimalier.com\/wp-content\/uploads\/2021\/06\/logo.jpg\",\"width\":800,\"height\":200,\"caption\":\"L'univers Animalier\"},\"image\":{\"@id\":\"https:\/\/wip.universanimalier.com\/#\/schema\/logo\/image\/\"},\"sameAs\":[\"https:\/\/www.facebook.com\/lunivers.animalier\"]}]}<\/script>\n<!-- \/ Yoast SEO plugin. -->","yoast_head_json":{"title":"For Pets Only - Collier White Pearls Lady - L&#039;univers Animalier","description":"For Pets Only - Collier White Pearls Lady","robots":{"index":"index","follow":"follow","max-snippet":"max-snippet:-1","max-image-preview":"max-image-preview:large","max-video-preview":"max-video-preview:-1"},"canonical":"https:\/\/universanimalier.com\/en\/boutique\/for-pets-only-collier-white-pearls-lady\/","og_locale":"en_US","og_type":"article","og_title":"For Pets Only - Collier White Pearls Lady - L&#039;univers Animalier","og_description":"For Pets Only - Collier White Pearls Lady","og_url":"https:\/\/universanimalier.com\/en\/boutique\/for-pets-only-collier-white-pearls-lady\/","og_site_name":"L&#039;univers Animalier","article_publisher":"https:\/\/www.facebook.com\/lunivers.animalier","article_modified_time":"2026-04-17T19:44:22+00:00","og_image":[{"width":800,"height":843,"url":"https:\/\/universanimalier.com\/wp-content\/uploads\/2026\/04\/IMG_3032.png","type":"image\/png"}],"twitter_card":"summary_large_image","twitter_misc":{"Est. reading time":"1 minute"},"schema":{"@context":"https:\/\/schema.org","@graph":[{"@type":"WebPage","@id":"https:\/\/universanimalier.com\/boutique\/for-pets-only-collier-white-pearls-lady\/","url":"https:\/\/universanimalier.com\/boutique\/for-pets-only-collier-white-pearls-lady\/","name":"For Pets Only - Collier White Pearls Lady - L&#039;univers Animalier","isPartOf":{"@id":"https:\/\/wip.universanimalier.com\/#website"},"primaryImageOfPage":{"@id":"https:\/\/universanimalier.com\/boutique\/for-pets-only-collier-white-pearls-lady\/#primaryimage"},"image":{"@id":"https:\/\/universanimalier.com\/boutique\/for-pets-only-collier-white-pearls-lady\/#primaryimage"},"thumbnailUrl":"https:\/\/universanimalier.com\/wp-content\/uploads\/2026\/04\/IMG_3032.png","datePublished":"2026-04-17T19:41:57+00:00","dateModified":"2026-04-17T19:44:22+00:00","description":"For Pets Only - Collier White Pearls Lady","breadcrumb":{"@id":"https:\/\/universanimalier.com\/boutique\/for-pets-only-collier-white-pearls-lady\/#breadcrumb"},"inLanguage":"en-US","potentialAction":[{"@type":"ReadAction","target":["https:\/\/universanimalier.com\/boutique\/for-pets-only-collier-white-pearls-lady\/"]}]},{"@type":"ImageObject","inLanguage":"en-US","@id":"https:\/\/universanimalier.com\/boutique\/for-pets-only-collier-white-pearls-lady\/#primaryimage","url":"https:\/\/universanimalier.com\/wp-content\/uploads\/2026\/04\/IMG_3032.png","contentUrl":"https:\/\/universanimalier.com\/wp-content\/uploads\/2026\/04\/IMG_3032.png","width":800,"height":843},{"@type":"BreadcrumbList","@id":"https:\/\/universanimalier.com\/boutique\/for-pets-only-collier-white-pearls-lady\/#breadcrumb","itemListElement":[{"@type":"ListItem","position":1,"name":"Accueil","item":"https:\/\/wip.universanimalier.com\/"},{"@type":"ListItem","position":2,"name":"Boutique","item":"https:\/\/wip.universanimalier.com\/boutique\/"},{"@type":"ListItem","position":3,"name":"For Pets Only &#8211; Collier White Pearls Lady"}]},{"@type":"WebSite","@id":"https:\/\/wip.universanimalier.com\/#website","url":"https:\/\/wip.universanimalier.com\/","name":"L'univers Animalier","description":"A paradise for spoiled dogs!","publisher":{"@id":"https:\/\/wip.universanimalier.com\/#organization"},"potentialAction":[{"@type":"SearchAction","target":{"@type":"EntryPoint","urlTemplate":"https:\/\/wip.universanimalier.com\/?s={search_term_string}"},"query-input":{"@type":"PropertyValueSpecification","valueRequired":true,"valueName":"search_term_string"}}],"inLanguage":"en-US"},{"@type":"Organization","@id":"https:\/\/wip.universanimalier.com\/#organization","name":"L'univers Animalier","url":"https:\/\/wip.universanimalier.com\/","logo":{"@type":"ImageObject","inLanguage":"en-US","@id":"https:\/\/wip.universanimalier.com\/#\/schema\/logo\/image\/","url":"https:\/\/universanimalier.com\/wp-content\/uploads\/2021\/06\/logo.jpg","contentUrl":"https:\/\/universanimalier.com\/wp-content\/uploads\/2021\/06\/logo.jpg","width":800,"height":200,"caption":"L'univers Animalier"},"image":{"@id":"https:\/\/wip.universanimalier.com\/#\/schema\/logo\/image\/"},"sameAs":["https:\/\/www.facebook.com\/lunivers.animalier"]}]}},"_links":{"self":[{"href":"https:\/\/universanimalier.com\/en\/wp-json\/wp\/v2\/product\/63282"}],"collection":[{"href":"https:\/\/universanimalier.com\/en\/wp-json\/wp\/v2\/product"}],"about":[{"href":"https:\/\/universanimalier.com\/en\/wp-json\/wp\/v2\/types\/product"}],"wp:featuredmedia":[{"embeddable":true,"href":"https:\/\/universanimalier.com\/en\/wp-json\/wp\/v2\/media\/63198"}],"wp:attachment":[{"href":"https:\/\/universanimalier.com\/en\/wp-json\/wp\/v2\/media?parent=63282"}],"wp:term":[{"taxonomy":"product_brand","embeddable":true,"href":"https:\/\/universanimalier.com\/en\/wp-json\/wp\/v2\/product_brand?post=63282"},{"taxonomy":"product_cat","embeddable":true,"href":"https:\/\/universanimalier.com\/en\/wp-json\/wp\/v2\/product_cat?post=63282"},{"taxonomy":"product_tag","embeddable":true,"href":"https:\/\/universanimalier.com\/en\/wp-json\/wp\/v2\/product_tag?post=63282"}],"curies":[{"name":"wp","href":"https:\/\/api.w.org\/{rel}","templated":true}]}}