{"id":63287,"date":"2026-04-17T21:47:32","date_gmt":"2026-04-17T19:47:32","guid":{"rendered":"https:\/\/universanimalier.com\/?post_type=product&#038;p=63287"},"modified":"2026-04-17T21:50:56","modified_gmt":"2026-04-17T19:50:56","slug":"for-pets-only-bracelet-dame-eden-pearls","status":"publish","type":"product","link":"https:\/\/universanimalier.com\/en\/boutique\/for-pets-only-bracelet-dame-eden-pearls\/","title":{"rendered":"For Pets Only &#8211; Bracelet dame Eden Pearls"},"content":{"rendered":"<div>\n<div>Un magnifique bracelet pour les mamans, orn\u00e9 de cristaux \u00e9tincelants et de perles \u00e9l\u00e9gantes, pour \u00eatre toujours assortie \u00e0 votre petite merveille.<\/div>\n<div><\/div>\n<div>Chaque bijou est enti\u00e8rement r\u00e9alis\u00e9 \u00e0 la main, un d\u00e9tail qui garantit son caract\u00e8re unique. Les \u00e9ventuelles variations de couleurs ne constituent pas des imperfections, mais t\u00e9moignent de la qualit\u00e9 et de l&rsquo;authenticit\u00e9 de cette cr\u00e9ation artisanale.<\/div>\n<\/div>","protected":false},"excerpt":{"rendered":"<div>Un magnifique bracelet pour les mamans, orn\u00e9 de cristaux \u00e9tincelants et de perles \u00e9l\u00e9gantes, pour \u00eatre toujours assortie \u00e0 votre petite merveille.<\/div>\n<div><\/div>\n<div>Chaque bijou est enti\u00e8rement r\u00e9alis\u00e9 \u00e0 la main, un d\u00e9tail qui garantit son caract\u00e8re unique. Les \u00e9ventuelles variations de couleurs ne constituent pas des imperfections, mais t\u00e9moignent de la qualit\u00e9 et de l&rsquo;authenticit\u00e9 de cette cr\u00e9ation artisanale.<\/div>","protected":false},"featured_media":63213,"template":"","meta":[],"product_brand":[],"product_cat":[9371,43,543],"product_tag":[397,9435,12,140,9436],"class_list":{"0":"post-63287","1":"product","2":"type-product","3":"status-publish","4":"has-post-thumbnail","6":"product_cat-printemps-ete-2026","7":"product_cat-accessoires","8":"product_cat-bijoux","9":"product_tag-bijoux","10":"product_tag-bracelet-pour-dame","11":"product_tag-for-pets-only","12":"product_tag-fpo","13":"product_tag-mommy-bracelet","15":"first","16":"instock","17":"shipping-taxable","18":"purchasable","19":"product-type-simple"},"yoast_head":"<!-- This site is optimized with the Yoast SEO plugin v25.5 - https:\/\/yoast.com\/wordpress\/plugins\/seo\/ -->\n<title>For Pets Only - Bracelet dame Eden Pearls - L&#039;univers Animalier<\/title>\n<meta name=\"description\" content=\"For Pets Only - Bracelet pour dame Mommy Eden Pearls\" \/>\n<meta name=\"robots\" content=\"index, follow, max-snippet:-1, max-image-preview:large, max-video-preview:-1\" \/>\n<link rel=\"canonical\" href=\"https:\/\/universanimalier.com\/en\/boutique\/for-pets-only-bracelet-dame-eden-pearls\/\" \/>\n<meta property=\"og:locale\" content=\"en_US\" \/>\n<meta property=\"og:type\" content=\"article\" \/>\n<meta property=\"og:title\" content=\"For Pets Only - Bracelet dame Eden Pearls - L&#039;univers Animalier\" \/>\n<meta property=\"og:description\" content=\"For Pets Only - Bracelet pour dame Mommy Eden Pearls\" \/>\n<meta property=\"og:url\" content=\"https:\/\/universanimalier.com\/en\/boutique\/for-pets-only-bracelet-dame-eden-pearls\/\" \/>\n<meta property=\"og:site_name\" content=\"L&#039;univers Animalier\" \/>\n<meta property=\"article:publisher\" content=\"https:\/\/www.facebook.com\/lunivers.animalier\" \/>\n<meta property=\"article:modified_time\" content=\"2026-04-17T19:50:56+00:00\" \/>\n<meta property=\"og:image\" content=\"https:\/\/universanimalier.com\/wp-content\/uploads\/2026\/04\/IMG_3017.png\" \/>\n\t<meta property=\"og:image:width\" content=\"800\" \/>\n\t<meta property=\"og:image:height\" content=\"843\" \/>\n\t<meta property=\"og:image:type\" content=\"image\/png\" \/>\n<meta name=\"twitter:card\" content=\"summary_large_image\" \/>\n<meta name=\"twitter:label1\" content=\"Est. reading time\" \/>\n\t<meta name=\"twitter:data1\" content=\"1 minute\" \/>\n<script type=\"application\/ld+json\" class=\"yoast-schema-graph\">{\"@context\":\"https:\/\/schema.org\",\"@graph\":[{\"@type\":\"WebPage\",\"@id\":\"https:\/\/universanimalier.com\/boutique\/for-pets-only-bracelet-dame-eden-pearls\/\",\"url\":\"https:\/\/universanimalier.com\/boutique\/for-pets-only-bracelet-dame-eden-pearls\/\",\"name\":\"For Pets Only - Bracelet dame Eden Pearls - L&#039;univers Animalier\",\"isPartOf\":{\"@id\":\"https:\/\/wip.universanimalier.com\/#website\"},\"primaryImageOfPage\":{\"@id\":\"https:\/\/universanimalier.com\/boutique\/for-pets-only-bracelet-dame-eden-pearls\/#primaryimage\"},\"image\":{\"@id\":\"https:\/\/universanimalier.com\/boutique\/for-pets-only-bracelet-dame-eden-pearls\/#primaryimage\"},\"thumbnailUrl\":\"https:\/\/universanimalier.com\/wp-content\/uploads\/2026\/04\/IMG_3017.png\",\"datePublished\":\"2026-04-17T19:47:32+00:00\",\"dateModified\":\"2026-04-17T19:50:56+00:00\",\"description\":\"For Pets Only - Bracelet pour dame Mommy Eden Pearls\",\"breadcrumb\":{\"@id\":\"https:\/\/universanimalier.com\/boutique\/for-pets-only-bracelet-dame-eden-pearls\/#breadcrumb\"},\"inLanguage\":\"en-US\",\"potentialAction\":[{\"@type\":\"ReadAction\",\"target\":[\"https:\/\/universanimalier.com\/boutique\/for-pets-only-bracelet-dame-eden-pearls\/\"]}]},{\"@type\":\"ImageObject\",\"inLanguage\":\"en-US\",\"@id\":\"https:\/\/universanimalier.com\/boutique\/for-pets-only-bracelet-dame-eden-pearls\/#primaryimage\",\"url\":\"https:\/\/universanimalier.com\/wp-content\/uploads\/2026\/04\/IMG_3017.png\",\"contentUrl\":\"https:\/\/universanimalier.com\/wp-content\/uploads\/2026\/04\/IMG_3017.png\",\"width\":800,\"height\":843},{\"@type\":\"BreadcrumbList\",\"@id\":\"https:\/\/universanimalier.com\/boutique\/for-pets-only-bracelet-dame-eden-pearls\/#breadcrumb\",\"itemListElement\":[{\"@type\":\"ListItem\",\"position\":1,\"name\":\"Accueil\",\"item\":\"https:\/\/wip.universanimalier.com\/\"},{\"@type\":\"ListItem\",\"position\":2,\"name\":\"Boutique\",\"item\":\"https:\/\/wip.universanimalier.com\/boutique\/\"},{\"@type\":\"ListItem\",\"position\":3,\"name\":\"For Pets Only &#8211; Bracelet dame Eden Pearls\"}]},{\"@type\":\"WebSite\",\"@id\":\"https:\/\/wip.universanimalier.com\/#website\",\"url\":\"https:\/\/wip.universanimalier.com\/\",\"name\":\"L'univers Animalier\",\"description\":\"Le paradis des chiens g\u00e2t\u00e9s !\",\"publisher\":{\"@id\":\"https:\/\/wip.universanimalier.com\/#organization\"},\"potentialAction\":[{\"@type\":\"SearchAction\",\"target\":{\"@type\":\"EntryPoint\",\"urlTemplate\":\"https:\/\/wip.universanimalier.com\/?s={search_term_string}\"},\"query-input\":{\"@type\":\"PropertyValueSpecification\",\"valueRequired\":true,\"valueName\":\"search_term_string\"}}],\"inLanguage\":\"en-US\"},{\"@type\":\"Organization\",\"@id\":\"https:\/\/wip.universanimalier.com\/#organization\",\"name\":\"L'univers Animalier\",\"url\":\"https:\/\/wip.universanimalier.com\/\",\"logo\":{\"@type\":\"ImageObject\",\"inLanguage\":\"en-US\",\"@id\":\"https:\/\/wip.universanimalier.com\/#\/schema\/logo\/image\/\",\"url\":\"https:\/\/universanimalier.com\/wp-content\/uploads\/2021\/06\/logo.jpg\",\"contentUrl\":\"https:\/\/universanimalier.com\/wp-content\/uploads\/2021\/06\/logo.jpg\",\"width\":800,\"height\":200,\"caption\":\"L'univers Animalier\"},\"image\":{\"@id\":\"https:\/\/wip.universanimalier.com\/#\/schema\/logo\/image\/\"},\"sameAs\":[\"https:\/\/www.facebook.com\/lunivers.animalier\"]}]}<\/script>\n<!-- \/ Yoast SEO plugin. -->","yoast_head_json":{"title":"For Pets Only - Bracelet dame Eden Pearls - L&#039;univers Animalier","description":"For Pets Only - Bracelet pour dame Mommy Eden Pearls","robots":{"index":"index","follow":"follow","max-snippet":"max-snippet:-1","max-image-preview":"max-image-preview:large","max-video-preview":"max-video-preview:-1"},"canonical":"https:\/\/universanimalier.com\/en\/boutique\/for-pets-only-bracelet-dame-eden-pearls\/","og_locale":"en_US","og_type":"article","og_title":"For Pets Only - Bracelet dame Eden Pearls - L&#039;univers Animalier","og_description":"For Pets Only - Bracelet pour dame Mommy Eden Pearls","og_url":"https:\/\/universanimalier.com\/en\/boutique\/for-pets-only-bracelet-dame-eden-pearls\/","og_site_name":"L&#039;univers Animalier","article_publisher":"https:\/\/www.facebook.com\/lunivers.animalier","article_modified_time":"2026-04-17T19:50:56+00:00","og_image":[{"width":800,"height":843,"url":"https:\/\/universanimalier.com\/wp-content\/uploads\/2026\/04\/IMG_3017.png","type":"image\/png"}],"twitter_card":"summary_large_image","twitter_misc":{"Est. reading time":"1 minute"},"schema":{"@context":"https:\/\/schema.org","@graph":[{"@type":"WebPage","@id":"https:\/\/universanimalier.com\/boutique\/for-pets-only-bracelet-dame-eden-pearls\/","url":"https:\/\/universanimalier.com\/boutique\/for-pets-only-bracelet-dame-eden-pearls\/","name":"For Pets Only - Bracelet dame Eden Pearls - L&#039;univers Animalier","isPartOf":{"@id":"https:\/\/wip.universanimalier.com\/#website"},"primaryImageOfPage":{"@id":"https:\/\/universanimalier.com\/boutique\/for-pets-only-bracelet-dame-eden-pearls\/#primaryimage"},"image":{"@id":"https:\/\/universanimalier.com\/boutique\/for-pets-only-bracelet-dame-eden-pearls\/#primaryimage"},"thumbnailUrl":"https:\/\/universanimalier.com\/wp-content\/uploads\/2026\/04\/IMG_3017.png","datePublished":"2026-04-17T19:47:32+00:00","dateModified":"2026-04-17T19:50:56+00:00","description":"For Pets Only - Bracelet pour dame Mommy Eden Pearls","breadcrumb":{"@id":"https:\/\/universanimalier.com\/boutique\/for-pets-only-bracelet-dame-eden-pearls\/#breadcrumb"},"inLanguage":"en-US","potentialAction":[{"@type":"ReadAction","target":["https:\/\/universanimalier.com\/boutique\/for-pets-only-bracelet-dame-eden-pearls\/"]}]},{"@type":"ImageObject","inLanguage":"en-US","@id":"https:\/\/universanimalier.com\/boutique\/for-pets-only-bracelet-dame-eden-pearls\/#primaryimage","url":"https:\/\/universanimalier.com\/wp-content\/uploads\/2026\/04\/IMG_3017.png","contentUrl":"https:\/\/universanimalier.com\/wp-content\/uploads\/2026\/04\/IMG_3017.png","width":800,"height":843},{"@type":"BreadcrumbList","@id":"https:\/\/universanimalier.com\/boutique\/for-pets-only-bracelet-dame-eden-pearls\/#breadcrumb","itemListElement":[{"@type":"ListItem","position":1,"name":"Accueil","item":"https:\/\/wip.universanimalier.com\/"},{"@type":"ListItem","position":2,"name":"Boutique","item":"https:\/\/wip.universanimalier.com\/boutique\/"},{"@type":"ListItem","position":3,"name":"For Pets Only &#8211; Bracelet dame Eden Pearls"}]},{"@type":"WebSite","@id":"https:\/\/wip.universanimalier.com\/#website","url":"https:\/\/wip.universanimalier.com\/","name":"L'univers Animalier","description":"A paradise for spoiled dogs!","publisher":{"@id":"https:\/\/wip.universanimalier.com\/#organization"},"potentialAction":[{"@type":"SearchAction","target":{"@type":"EntryPoint","urlTemplate":"https:\/\/wip.universanimalier.com\/?s={search_term_string}"},"query-input":{"@type":"PropertyValueSpecification","valueRequired":true,"valueName":"search_term_string"}}],"inLanguage":"en-US"},{"@type":"Organization","@id":"https:\/\/wip.universanimalier.com\/#organization","name":"L'univers Animalier","url":"https:\/\/wip.universanimalier.com\/","logo":{"@type":"ImageObject","inLanguage":"en-US","@id":"https:\/\/wip.universanimalier.com\/#\/schema\/logo\/image\/","url":"https:\/\/universanimalier.com\/wp-content\/uploads\/2021\/06\/logo.jpg","contentUrl":"https:\/\/universanimalier.com\/wp-content\/uploads\/2021\/06\/logo.jpg","width":800,"height":200,"caption":"L'univers Animalier"},"image":{"@id":"https:\/\/wip.universanimalier.com\/#\/schema\/logo\/image\/"},"sameAs":["https:\/\/www.facebook.com\/lunivers.animalier"]}]}},"_links":{"self":[{"href":"https:\/\/universanimalier.com\/en\/wp-json\/wp\/v2\/product\/63287"}],"collection":[{"href":"https:\/\/universanimalier.com\/en\/wp-json\/wp\/v2\/product"}],"about":[{"href":"https:\/\/universanimalier.com\/en\/wp-json\/wp\/v2\/types\/product"}],"wp:featuredmedia":[{"embeddable":true,"href":"https:\/\/universanimalier.com\/en\/wp-json\/wp\/v2\/media\/63213"}],"wp:attachment":[{"href":"https:\/\/universanimalier.com\/en\/wp-json\/wp\/v2\/media?parent=63287"}],"wp:term":[{"taxonomy":"product_brand","embeddable":true,"href":"https:\/\/universanimalier.com\/en\/wp-json\/wp\/v2\/product_brand?post=63287"},{"taxonomy":"product_cat","embeddable":true,"href":"https:\/\/universanimalier.com\/en\/wp-json\/wp\/v2\/product_cat?post=63287"},{"taxonomy":"product_tag","embeddable":true,"href":"https:\/\/universanimalier.com\/en\/wp-json\/wp\/v2\/product_tag?post=63287"}],"curies":[{"name":"wp","href":"https:\/\/api.w.org\/{rel}","templated":true}]}}