{"id":63288,"date":"2026-04-17T21:51:13","date_gmt":"2026-04-17T19:51:13","guid":{"rendered":"https:\/\/universanimalier.com\/?post_type=product&#038;p=63288"},"modified":"2026-04-17T21:55:34","modified_gmt":"2026-04-17T19:55:34","slug":"for-pets-only-beach-set-topomio-beige-3-pieces","status":"publish","type":"product","link":"https:\/\/universanimalier.com\/en\/boutique\/for-pets-only-beach-set-topomio-beige-3-pieces\/","title":{"rendered":"For Pets Only &#8211; Beach Set Topomio Beige (3 pi\u00e8ces)"},"content":{"rendered":"<div><\/div>\n<div>L&rsquo;indispensable de l&rsquo;\u00e9t\u00e9 : ce magnifique ensemble de plage en coton doux.<\/div>\n<div><\/div>\n<div>L&rsquo;ensemble comprend une serviette de plage, un adorable coussin \u00e0 l&rsquo;effigie de TopoMio et une petite serviette assortie. Parfait \u00e0 la plage ou au bord de la piscine, pour se pr\u00e9lasser au soleil sur un transat.<\/div>\n<div><\/div>\n<div>Dimensions :<\/div>\n<ul>\n<li>Serviette 62 x 43 cm<\/li>\n<li>Mini-serviette 23 x 20 cm<\/li>\n<li>Coussin TopoMio 15 x 17 cm<\/li>\n<\/ul>","protected":false},"excerpt":{"rendered":"<div>L&rsquo;indispensable de l&rsquo;\u00e9t\u00e9 : ce magnifique ensemble de plage en coton doux.<\/div>\n<div><\/div>\n<div>L&rsquo;ensemble comprend une serviette de plage, un adorable coussin \u00e0 l&rsquo;effigie de TopoMio et une petite serviette assortie. Parfait \u00e0 la plage ou au bord de la piscine, pour se pr\u00e9lasser au soleil sur un transat.<\/div>\n<div><\/div>\n<div>Dimensions :<\/div>\n<ul>\n<li>Serviette 62 x 43 cm<\/li>\n<li>Mini-serviette 23 x 20 cm<\/li>\n<li>Coussin TopoMio 15 x 17 cm<\/li>\n<\/ul>","protected":false},"featured_media":63204,"template":"","meta":[],"product_brand":[],"product_cat":[5140,9371,24,44],"product_tag":[9437,12,140,9418,9426,8285],"class_list":{"0":"post-63288","1":"product","2":"type-product","3":"status-publish","4":"has-post-thumbnail","6":"product_cat-beaute-et-soin","7":"product_cat-printemps-ete-2026","8":"product_cat-a-la-maison","9":"product_cat-plaids","10":"product_tag-beach-set-topomio-beige","11":"product_tag-for-pets-only","12":"product_tag-fpo","13":"product_tag-mini-plaid-topomio-golden-monogram","14":"product_tag-mini-serviette-eponge-topomio-cute-beige","15":"product_tag-plaid-for-pets-only","17":"first","18":"instock","19":"shipping-taxable","20":"purchasable","21":"product-type-simple"},"yoast_head":"<!-- This site is optimized with the Yoast SEO plugin v25.5 - https:\/\/yoast.com\/wordpress\/plugins\/seo\/ -->\n<title>For Pets Only - Beach Set Topomio Beige (3 pi\u00e8ces) - L&#039;univers Animalier<\/title>\n<meta name=\"description\" content=\"For Pets Only - Mini serviette \u00e9ponge Topomio Cute Beige\" \/>\n<meta name=\"robots\" content=\"index, follow, max-snippet:-1, max-image-preview:large, max-video-preview:-1\" \/>\n<link rel=\"canonical\" href=\"https:\/\/universanimalier.com\/en\/boutique\/for-pets-only-beach-set-topomio-beige-3-pieces\/\" \/>\n<meta property=\"og:locale\" content=\"en_US\" \/>\n<meta property=\"og:type\" content=\"article\" \/>\n<meta property=\"og:title\" content=\"For Pets Only - Beach Set Topomio Beige (3 pi\u00e8ces) - L&#039;univers Animalier\" \/>\n<meta property=\"og:description\" content=\"For Pets Only - Mini serviette \u00e9ponge Topomio Cute Beige\" \/>\n<meta property=\"og:url\" content=\"https:\/\/universanimalier.com\/en\/boutique\/for-pets-only-beach-set-topomio-beige-3-pieces\/\" \/>\n<meta property=\"og:site_name\" content=\"L&#039;univers Animalier\" \/>\n<meta property=\"article:publisher\" content=\"https:\/\/www.facebook.com\/lunivers.animalier\" \/>\n<meta property=\"article:modified_time\" content=\"2026-04-17T19:55:34+00:00\" \/>\n<meta property=\"og:image\" content=\"https:\/\/universanimalier.com\/wp-content\/uploads\/2026\/04\/IMG_3026.png\" \/>\n\t<meta property=\"og:image:width\" content=\"800\" \/>\n\t<meta property=\"og:image:height\" content=\"843\" \/>\n\t<meta property=\"og:image:type\" content=\"image\/png\" \/>\n<meta name=\"twitter:card\" content=\"summary_large_image\" \/>\n<meta name=\"twitter:label1\" content=\"Est. reading time\" \/>\n\t<meta name=\"twitter:data1\" content=\"1 minute\" \/>\n<script type=\"application\/ld+json\" class=\"yoast-schema-graph\">{\"@context\":\"https:\/\/schema.org\",\"@graph\":[{\"@type\":\"WebPage\",\"@id\":\"https:\/\/universanimalier.com\/boutique\/for-pets-only-beach-set-topomio-beige-3-pieces\/\",\"url\":\"https:\/\/universanimalier.com\/boutique\/for-pets-only-beach-set-topomio-beige-3-pieces\/\",\"name\":\"For Pets Only - Beach Set Topomio Beige (3 pi\u00e8ces) - L&#039;univers Animalier\",\"isPartOf\":{\"@id\":\"https:\/\/wip.universanimalier.com\/#website\"},\"primaryImageOfPage\":{\"@id\":\"https:\/\/universanimalier.com\/boutique\/for-pets-only-beach-set-topomio-beige-3-pieces\/#primaryimage\"},\"image\":{\"@id\":\"https:\/\/universanimalier.com\/boutique\/for-pets-only-beach-set-topomio-beige-3-pieces\/#primaryimage\"},\"thumbnailUrl\":\"https:\/\/universanimalier.com\/wp-content\/uploads\/2026\/04\/IMG_3026.png\",\"datePublished\":\"2026-04-17T19:51:13+00:00\",\"dateModified\":\"2026-04-17T19:55:34+00:00\",\"description\":\"For Pets Only - Mini serviette \u00e9ponge Topomio Cute Beige\",\"breadcrumb\":{\"@id\":\"https:\/\/universanimalier.com\/boutique\/for-pets-only-beach-set-topomio-beige-3-pieces\/#breadcrumb\"},\"inLanguage\":\"en-US\",\"potentialAction\":[{\"@type\":\"ReadAction\",\"target\":[\"https:\/\/universanimalier.com\/boutique\/for-pets-only-beach-set-topomio-beige-3-pieces\/\"]}]},{\"@type\":\"ImageObject\",\"inLanguage\":\"en-US\",\"@id\":\"https:\/\/universanimalier.com\/boutique\/for-pets-only-beach-set-topomio-beige-3-pieces\/#primaryimage\",\"url\":\"https:\/\/universanimalier.com\/wp-content\/uploads\/2026\/04\/IMG_3026.png\",\"contentUrl\":\"https:\/\/universanimalier.com\/wp-content\/uploads\/2026\/04\/IMG_3026.png\",\"width\":800,\"height\":843},{\"@type\":\"BreadcrumbList\",\"@id\":\"https:\/\/universanimalier.com\/boutique\/for-pets-only-beach-set-topomio-beige-3-pieces\/#breadcrumb\",\"itemListElement\":[{\"@type\":\"ListItem\",\"position\":1,\"name\":\"Accueil\",\"item\":\"https:\/\/wip.universanimalier.com\/\"},{\"@type\":\"ListItem\",\"position\":2,\"name\":\"Boutique\",\"item\":\"https:\/\/wip.universanimalier.com\/boutique\/\"},{\"@type\":\"ListItem\",\"position\":3,\"name\":\"For Pets Only &#8211; Beach Set Topomio Beige (3 pi\u00e8ces)\"}]},{\"@type\":\"WebSite\",\"@id\":\"https:\/\/wip.universanimalier.com\/#website\",\"url\":\"https:\/\/wip.universanimalier.com\/\",\"name\":\"L'univers Animalier\",\"description\":\"Le paradis des chiens g\u00e2t\u00e9s !\",\"publisher\":{\"@id\":\"https:\/\/wip.universanimalier.com\/#organization\"},\"potentialAction\":[{\"@type\":\"SearchAction\",\"target\":{\"@type\":\"EntryPoint\",\"urlTemplate\":\"https:\/\/wip.universanimalier.com\/?s={search_term_string}\"},\"query-input\":{\"@type\":\"PropertyValueSpecification\",\"valueRequired\":true,\"valueName\":\"search_term_string\"}}],\"inLanguage\":\"en-US\"},{\"@type\":\"Organization\",\"@id\":\"https:\/\/wip.universanimalier.com\/#organization\",\"name\":\"L'univers Animalier\",\"url\":\"https:\/\/wip.universanimalier.com\/\",\"logo\":{\"@type\":\"ImageObject\",\"inLanguage\":\"en-US\",\"@id\":\"https:\/\/wip.universanimalier.com\/#\/schema\/logo\/image\/\",\"url\":\"https:\/\/universanimalier.com\/wp-content\/uploads\/2021\/06\/logo.jpg\",\"contentUrl\":\"https:\/\/universanimalier.com\/wp-content\/uploads\/2021\/06\/logo.jpg\",\"width\":800,\"height\":200,\"caption\":\"L'univers Animalier\"},\"image\":{\"@id\":\"https:\/\/wip.universanimalier.com\/#\/schema\/logo\/image\/\"},\"sameAs\":[\"https:\/\/www.facebook.com\/lunivers.animalier\"]}]}<\/script>\n<!-- \/ Yoast SEO plugin. -->","yoast_head_json":{"title":"For Pets Only - Beach Set Topomio Beige (3 pi\u00e8ces) - L&#039;univers Animalier","description":"For Pets Only - Mini serviette \u00e9ponge Topomio Cute Beige","robots":{"index":"index","follow":"follow","max-snippet":"max-snippet:-1","max-image-preview":"max-image-preview:large","max-video-preview":"max-video-preview:-1"},"canonical":"https:\/\/universanimalier.com\/en\/boutique\/for-pets-only-beach-set-topomio-beige-3-pieces\/","og_locale":"en_US","og_type":"article","og_title":"For Pets Only - Beach Set Topomio Beige (3 pi\u00e8ces) - L&#039;univers Animalier","og_description":"For Pets Only - Mini serviette \u00e9ponge Topomio Cute Beige","og_url":"https:\/\/universanimalier.com\/en\/boutique\/for-pets-only-beach-set-topomio-beige-3-pieces\/","og_site_name":"L&#039;univers Animalier","article_publisher":"https:\/\/www.facebook.com\/lunivers.animalier","article_modified_time":"2026-04-17T19:55:34+00:00","og_image":[{"width":800,"height":843,"url":"https:\/\/universanimalier.com\/wp-content\/uploads\/2026\/04\/IMG_3026.png","type":"image\/png"}],"twitter_card":"summary_large_image","twitter_misc":{"Est. reading time":"1 minute"},"schema":{"@context":"https:\/\/schema.org","@graph":[{"@type":"WebPage","@id":"https:\/\/universanimalier.com\/boutique\/for-pets-only-beach-set-topomio-beige-3-pieces\/","url":"https:\/\/universanimalier.com\/boutique\/for-pets-only-beach-set-topomio-beige-3-pieces\/","name":"For Pets Only - Beach Set Topomio Beige (3 pi\u00e8ces) - L&#039;univers Animalier","isPartOf":{"@id":"https:\/\/wip.universanimalier.com\/#website"},"primaryImageOfPage":{"@id":"https:\/\/universanimalier.com\/boutique\/for-pets-only-beach-set-topomio-beige-3-pieces\/#primaryimage"},"image":{"@id":"https:\/\/universanimalier.com\/boutique\/for-pets-only-beach-set-topomio-beige-3-pieces\/#primaryimage"},"thumbnailUrl":"https:\/\/universanimalier.com\/wp-content\/uploads\/2026\/04\/IMG_3026.png","datePublished":"2026-04-17T19:51:13+00:00","dateModified":"2026-04-17T19:55:34+00:00","description":"For Pets Only - Mini serviette \u00e9ponge Topomio Cute Beige","breadcrumb":{"@id":"https:\/\/universanimalier.com\/boutique\/for-pets-only-beach-set-topomio-beige-3-pieces\/#breadcrumb"},"inLanguage":"en-US","potentialAction":[{"@type":"ReadAction","target":["https:\/\/universanimalier.com\/boutique\/for-pets-only-beach-set-topomio-beige-3-pieces\/"]}]},{"@type":"ImageObject","inLanguage":"en-US","@id":"https:\/\/universanimalier.com\/boutique\/for-pets-only-beach-set-topomio-beige-3-pieces\/#primaryimage","url":"https:\/\/universanimalier.com\/wp-content\/uploads\/2026\/04\/IMG_3026.png","contentUrl":"https:\/\/universanimalier.com\/wp-content\/uploads\/2026\/04\/IMG_3026.png","width":800,"height":843},{"@type":"BreadcrumbList","@id":"https:\/\/universanimalier.com\/boutique\/for-pets-only-beach-set-topomio-beige-3-pieces\/#breadcrumb","itemListElement":[{"@type":"ListItem","position":1,"name":"Accueil","item":"https:\/\/wip.universanimalier.com\/"},{"@type":"ListItem","position":2,"name":"Boutique","item":"https:\/\/wip.universanimalier.com\/boutique\/"},{"@type":"ListItem","position":3,"name":"For Pets Only &#8211; Beach Set Topomio Beige (3 pi\u00e8ces)"}]},{"@type":"WebSite","@id":"https:\/\/wip.universanimalier.com\/#website","url":"https:\/\/wip.universanimalier.com\/","name":"L'univers Animalier","description":"A paradise for spoiled dogs!","publisher":{"@id":"https:\/\/wip.universanimalier.com\/#organization"},"potentialAction":[{"@type":"SearchAction","target":{"@type":"EntryPoint","urlTemplate":"https:\/\/wip.universanimalier.com\/?s={search_term_string}"},"query-input":{"@type":"PropertyValueSpecification","valueRequired":true,"valueName":"search_term_string"}}],"inLanguage":"en-US"},{"@type":"Organization","@id":"https:\/\/wip.universanimalier.com\/#organization","name":"L'univers Animalier","url":"https:\/\/wip.universanimalier.com\/","logo":{"@type":"ImageObject","inLanguage":"en-US","@id":"https:\/\/wip.universanimalier.com\/#\/schema\/logo\/image\/","url":"https:\/\/universanimalier.com\/wp-content\/uploads\/2021\/06\/logo.jpg","contentUrl":"https:\/\/universanimalier.com\/wp-content\/uploads\/2021\/06\/logo.jpg","width":800,"height":200,"caption":"L'univers Animalier"},"image":{"@id":"https:\/\/wip.universanimalier.com\/#\/schema\/logo\/image\/"},"sameAs":["https:\/\/www.facebook.com\/lunivers.animalier"]}]}},"_links":{"self":[{"href":"https:\/\/universanimalier.com\/en\/wp-json\/wp\/v2\/product\/63288"}],"collection":[{"href":"https:\/\/universanimalier.com\/en\/wp-json\/wp\/v2\/product"}],"about":[{"href":"https:\/\/universanimalier.com\/en\/wp-json\/wp\/v2\/types\/product"}],"wp:featuredmedia":[{"embeddable":true,"href":"https:\/\/universanimalier.com\/en\/wp-json\/wp\/v2\/media\/63204"}],"wp:attachment":[{"href":"https:\/\/universanimalier.com\/en\/wp-json\/wp\/v2\/media?parent=63288"}],"wp:term":[{"taxonomy":"product_brand","embeddable":true,"href":"https:\/\/universanimalier.com\/en\/wp-json\/wp\/v2\/product_brand?post=63288"},{"taxonomy":"product_cat","embeddable":true,"href":"https:\/\/universanimalier.com\/en\/wp-json\/wp\/v2\/product_cat?post=63288"},{"taxonomy":"product_tag","embeddable":true,"href":"https:\/\/universanimalier.com\/en\/wp-json\/wp\/v2\/product_tag?post=63288"}],"curies":[{"name":"wp","href":"https:\/\/api.w.org\/{rel}","templated":true}]}}